{"id":76,"date":"2014-02-13T17:14:11","date_gmt":"2014-02-13T17:14:11","guid":{"rendered":"https:\/\/forumverdade.ufpr.br\/caminhosdaresistencia\/?page_id=76"},"modified":"2016-03-09T11:42:46","modified_gmt":"2016-03-09T11:42:46","slug":"30-batalhao-de-infantaria-motorizada-de-apucarana","status":"publish","type":"page","link":"https:\/\/forumverdade.ufpr.br\/caminhosdaresistencia\/a-repressao\/30-batalhao-de-infantaria-motorizada-de-apucarana\/","title":{"rendered":"30\u00b0 Batalh\u00e3o de Infantaria Motorizada de Apucarana"},"content":{"rendered":"<p>O 30 BIMtz foi um dos principais centros de repress\u00e3o e tortura durante a ditadura militar. O quartel sediou o DOI-Codi e l\u00e1 atuou um dos mais violentos torturadores, o capit\u00e3o do Ex\u00e9rcito Isnard de Moura Romariz.<\/p>\n<p><strong><em> BR-376, km 353 &#8211; Apucarana<\/em><\/strong><\/p>\n<p>&nbsp;<\/p>\n<hr \/>\n<p>&nbsp;<\/p>\n<p><strong>Saiba mais:<\/strong><\/p>\n<ol>\n<li><span style=\"font-size: 8pt;\"><a href=\"https:\/\/forumverdade.ufpr.br\/blog\/2013\/08\/02\/comissao-estadual-da-verdade-realiza-audiencia-em-apucarana\/\" target=\"_blank\">Comiss\u00e3o Estadual da Verdade realiza audi\u00eancia em Apucarana<\/a><\/span><\/li>\n<li><span style=\"font-size: 8pt;\"><a href=\"https:\/\/forumverdade.ufpr.br\/blog\/2013\/08\/06\/apucarana-recebe-comissao-da-verdade\/\" target=\"_blank\">Apucarana recebe Comiss\u00e3o da Verdade<\/a><\/span><\/li>\n<li><span style=\"font-size: 8pt;\"><a href=\"https:\/\/forumverdade.ufpr.br\/blog\/2013\/08\/08\/comissao-da-verdade-visita-tumulo-de-brianezi\/\" target=\"_blank\">Comiss\u00e3o da Verdade visita t\u00famulo de Brianezi<\/a><\/span><\/li>\n<\/ol>\n<p>&nbsp;<\/p>\n<hr \/>\n<p>&nbsp;<\/p>\n<p>&nbsp;<\/p>\n\n","protected":false},"excerpt":{"rendered":"<p>O 30 BIMtz foi um dos principais centros de repress\u00e3o e tortura durante a ditadura militar. O quartel sediou o DOI-Codi e l\u00e1 atuou um dos mais violentos torturadores, o capit\u00e3o do Ex\u00e9rcito Isnard de Moura Romariz. BR-376, km 353 &#8211; Apucarana &nbsp; &nbsp; Saiba mais: Comiss\u00e3o Estadual da Verdade realiza audi\u00eancia em Apucarana Apucarana &hellip; <\/p>\n<p><a class=\"more-link btn\" href=\"https:\/\/forumverdade.ufpr.br\/caminhosdaresistencia\/a-repressao\/30-batalhao-de-infantaria-motorizada-de-apucarana\/\">Continue lendo<\/a><\/p>\n","protected":false},"author":1,"featured_media":0,"parent":48,"menu_order":0,"comment_status":"open","ping_status":"closed","template":"","meta":{"_acf_changed":false,"footnotes":""},"class_list":["post-76","page","type-page","status-publish","hentry","nodate","item-wrap"],"acf":[],"_links":{"self":[{"href":"https:\/\/forumverdade.ufpr.br\/caminhosdaresistencia\/wp-json\/wp\/v2\/pages\/76","targetHints":{"allow":["GET"]}}],"collection":[{"href":"https:\/\/forumverdade.ufpr.br\/caminhosdaresistencia\/wp-json\/wp\/v2\/pages"}],"about":[{"href":"https:\/\/forumverdade.ufpr.br\/caminhosdaresistencia\/wp-json\/wp\/v2\/types\/page"}],"author":[{"embeddable":true,"href":"https:\/\/forumverdade.ufpr.br\/caminhosdaresistencia\/wp-json\/wp\/v2\/users\/1"}],"replies":[{"embeddable":true,"href":"https:\/\/forumverdade.ufpr.br\/caminhosdaresistencia\/wp-json\/wp\/v2\/comments?post=76"}],"version-history":[{"count":9,"href":"https:\/\/forumverdade.ufpr.br\/caminhosdaresistencia\/wp-json\/wp\/v2\/pages\/76\/revisions"}],"predecessor-version":[{"id":734,"href":"https:\/\/forumverdade.ufpr.br\/caminhosdaresistencia\/wp-json\/wp\/v2\/pages\/76\/revisions\/734"}],"up":[{"embeddable":true,"href":"https:\/\/forumverdade.ufpr.br\/caminhosdaresistencia\/wp-json\/wp\/v2\/pages\/48"}],"wp:attachment":[{"href":"https:\/\/forumverdade.ufpr.br\/caminhosdaresistencia\/wp-json\/wp\/v2\/media?parent=76"}],"curies":[{"name":"wp","href":"https:\/\/api.w.org\/{rel}","templated":true}]}}