{"id":66,"date":"2014-02-13T17:12:09","date_gmt":"2014-02-13T17:12:09","guid":{"rendered":"https:\/\/forumverdade.ufpr.br\/caminhosdaresistencia\/?page_id=66"},"modified":"2016-03-08T18:44:56","modified_gmt":"2016-03-08T18:44:56","slug":"presidio-do-ahu","status":"publish","type":"page","link":"https:\/\/forumverdade.ufpr.br\/caminhosdaresistencia\/a-repressao\/presidio-do-ahu\/","title":{"rendered":"Pres\u00eddio do Ah\u00fa"},"content":{"rendered":"<p style=\"text-align: center;\"><img fetchpriority=\"high\" decoding=\"async\" class=\"aligncenter wp-image-461\" style=\"border: 0px;\" src=\"https:\/\/forumverdade.ufpr.br\/caminhosdaresistencia\/wp-content\/uploads\/sites\/5\/2014\/02\/Presidio-do-Ahu.jpg\" alt=\"Presdio do Ah\u00fa\" width=\"542\" height=\"538\" srcset=\"https:\/\/forumverdade.ufpr.br\/caminhosdaresistencia\/wp-content\/uploads\/sites\/5\/2014\/02\/Presidio-do-Ahu.jpg 677w, https:\/\/forumverdade.ufpr.br\/caminhosdaresistencia\/wp-content\/uploads\/sites\/5\/2014\/02\/Presidio-do-Ahu-150x150.jpg 150w, https:\/\/forumverdade.ufpr.br\/caminhosdaresistencia\/wp-content\/uploads\/sites\/5\/2014\/02\/Presidio-do-Ahu-300x297.jpg 300w\" sizes=\"(max-width: 542px) 100vw, 542px\" \/><\/p>\n<p>A Pris\u00e3o Provis\u00f3ria de Curitiba, conhecida como Pres\u00eddio do Ah\u00fa, foi utilizada nos momentos mais agudos<\/p>\n<div id=\"attachment_252\" style=\"width: 300px\" class=\"wp-caption alignright\"><a href=\"https:\/\/forumverdade.ufpr.br\/caminhosdaresistencia\/wp-content\/uploads\/sites\/5\/2014\/02\/ahu2.jpg\"><img decoding=\"async\" aria-describedby=\"caption-attachment-252\" class=\"size-medium wp-image-252\" src=\"https:\/\/forumverdade.ufpr.br\/caminhosdaresistencia\/wp-content\/uploads\/sites\/5\/2014\/02\/ahu2-300x199.jpg\" alt=\"Fachada atual do Pres\u00eddio do Ah\u00fa, quase inalterada nos \u00faltimos quarenta anos. Foto: Rodrigo Juste Duarte\" width=\"300\" height=\"199\" srcset=\"https:\/\/forumverdade.ufpr.br\/caminhosdaresistencia\/wp-content\/uploads\/sites\/5\/2014\/02\/ahu2-300x199.jpg 300w, https:\/\/forumverdade.ufpr.br\/caminhosdaresistencia\/wp-content\/uploads\/sites\/5\/2014\/02\/ahu2.jpg 900w\" sizes=\"(max-width: 300px) 100vw, 300px\" \/><\/a><p id=\"caption-attachment-252\" class=\"wp-caption-text\">Fachada atual do Pres\u00eddio do Ah\u00fa, quase inalterada nos \u00faltimos quarenta anos. Foto: Rodrigo Juste Duarte<\/p><\/div>\n<p>da repress\u00e3o para alojar presos pol\u00edticos, embora tamb\u00e9m abrigasse presos comuns. No subsolo do Ah\u00fa, um calabou\u00e7o frio e \u00famido com cinco solit\u00e1rias abrigava presos comuns e pol\u00edticos. Cada solit\u00e1ria de um metro de largura por 1,70 de altura e 1,80 m de comprimento foi palco do sofrimento de in\u00fameros detentos por cerca de 50 anos, entre 1925 e 1975. Muitos militantes presos durante a Opera\u00e7\u00e3o Marumbi, em 1975, foram levados ao Pres\u00eddio, o que n\u00e3o impediu que de l\u00e1 fossem retirados para novas sess\u00f5es de tortura na Cl\u00ednica Marumbi ou no Quartel da Pol\u00edcia do Ex\u00e9rcito. Ficaram presos no Ah\u00fa em 1975, entre outros, Diogo Afonso\u00a0 Gimenes, Antonio Brito Lopes, Ildeu Manso Vieira, Narciso Pires e M\u00e1rio Siqueira.<\/p>\n<div id=\"attachment_251\" style=\"width: 300px\" class=\"wp-caption alignright\"><a href=\"https:\/\/forumverdade.ufpr.br\/caminhosdaresistencia\/wp-content\/uploads\/sites\/5\/2014\/02\/ahu.jpg\"><img decoding=\"async\" aria-describedby=\"caption-attachment-251\" class=\"size-medium wp-image-251\" src=\"https:\/\/forumverdade.ufpr.br\/caminhosdaresistencia\/wp-content\/uploads\/sites\/5\/2014\/02\/ahu-300x266.jpg\" alt=\"Da esquerda para a direita: os presos pol\u00edticos Diogo Afonso Gimenes, Antonio Brito Lopes, Ildeu Manso Vieira, Narciso Pires e Mario Siqueira no p\u00e1tio do pres\u00eddio do Ah\u00fa. Foto: Arquivo Narciso Pires\" width=\"300\" height=\"266\" srcset=\"https:\/\/forumverdade.ufpr.br\/caminhosdaresistencia\/wp-content\/uploads\/sites\/5\/2014\/02\/ahu-300x266.jpg 300w, https:\/\/forumverdade.ufpr.br\/caminhosdaresistencia\/wp-content\/uploads\/sites\/5\/2014\/02\/ahu.jpg 865w\" sizes=\"(max-width: 300px) 100vw, 300px\" \/><\/a><p id=\"caption-attachment-251\" class=\"wp-caption-text\">Da esquerda para a direita: os presos pol\u00edticos Diogo Afonso Gimenes, Antonio Brito Lopes, Ildeu Manso Vieira, Narciso Pires e Mario Siqueira no p\u00e1tio do pres\u00eddio do Ah\u00fa. Foto: Arquivo Narciso Pires<\/p><\/div>\n<p>Abandonado, o pr\u00e9dio do pres\u00eddio- que tra\u00e7ou os primeiros passos dos 104 anos do sistema penitenci\u00e1rio no Paran\u00e1- carrega os desgastes do tempo. S\u00e3o rachaduras, problemas de fia\u00e7\u00e3o, sujeira e bolor espalhados pelas seis galerias. O pr\u00e9dio inaugurado em 1903, como Hosp\u00edcio Nossa Senhora da Luz, teve suas obras iniciadas em 1896 e funcionou at\u00e9 janeiro de 1907. No ano seguinte deu lugar ao pres\u00eddio.<\/p>\n<p>O F\u00f3rum Paranaense de Regaste da Mem\u00f3ria, Verdade e Justi\u00e7a solicitou\u00a0junto ao Tribunal de Justi\u00e7a que\u00a0 algumas depend\u00eancias do Pres\u00eddio do Ah\u00fa\u00a0 sejam utilizadas como Memorial da Resist\u00eancia. O objetivo \u00e9 preservar a hist\u00f3ria, de triste mem\u00f3ria deste local e homenagear os militantes que lutaram, durante o regime militar, pelo restabelecimento da democracia.<\/p>\n<p><strong><em>\u00a0Av. Anita Garibaldi, 750- Cabral<\/em><\/strong><\/p>\n<p><iframe src=\"https:\/\/www.youtube.com\/embed\/p6yCcIVQIa4\" width=\"544\" height=\"408\" frameborder=\"0\" allowfullscreen=\"allowfullscreen\"><\/iframe><\/p>\n<p>&nbsp;<\/p>\n<hr \/>\n<p>&nbsp;<\/p>\n<p><strong>Saiba mais:<\/strong><\/p>\n<ol>\n<li><span style=\"font-size: 8pt;\"><a href=\"https:\/\/forumverdade.ufpr.br\/blog\/2012\/06\/28\/forum-e-comissao-de-direitos-humanos-da-camara-municipal-juntos-no-rsegate-da-memoria-do-parana\/\" target=\"_blank\">F\u00f3rum e Comiss\u00e3o de Direitos Humanos da C\u00e2mara Municipal juntos no resgate da mem\u00f3ria do Paran\u00e1<\/a><\/span><\/li>\n<li><span style=\"font-size: 8pt;\"><a href=\"https:\/\/forumverdade.ufpr.br\/blog\/2012\/07\/15\/plenaria-estadual-decide-ampliar-acoes-do-forum\/\" target=\"_blank\">Plen\u00e1ria Estadual decide ampliar a\u00e7\u00f5es do F\u00f3rum<\/a><\/span><\/li>\n<li><span style=\"font-size: 8pt;\"><a href=\"https:\/\/forumverdade.ufpr.br\/blog\/2012\/07\/25\/comissao-da-verdade-reune-foruns-estaduais-em-brasilia\/\" target=\"_blank\">Comiss\u00e3o da Verdade re\u00fane f\u00f3runs estaduais em Bras\u00edlia<\/a><\/span><\/li>\n<li><span style=\"font-size: 8pt;\"><a href=\"https:\/\/forumverdade.ufpr.br\/blog\/2012\/08\/08\/memorial-da-resistencia-tera-espaco-no-presidio-do-ahu\/\" target=\"_blank\">Memorial da Resist\u00eancia ter\u00e1 espa\u00e7o no Pres\u00eddio do Ah\u00fa<\/a><\/span><\/li>\n<li><span style=\"font-size: 8pt;\"><a href=\"https:\/\/forumverdade.ufpr.br\/blog\/2012\/08\/09\/desembargador-onesimo-mendonca-de-anunciacao-recebe-comitiva\/\" target=\"_blank\">Desembargador On\u00e9simo Mendon\u00e7a de Anuncia\u00e7\u00e3o recebe comitiva<\/a><\/span><\/li>\n<li><span style=\"font-size: 8pt;\"><a href=\"https:\/\/forumverdade.ufpr.br\/blog\/2012\/08\/15\/forum-visita-presidio-do-ahu-futura-sede-do-memorial-da-resistencia\/\" target=\"_blank\">F\u00f3rum visita Pres\u00eddio do Ah\u00fa, futura sede do Memorial da Resist\u00eancia<\/a><\/span><\/li>\n<li><span style=\"font-size: 8pt;\"><a href=\"https:\/\/forumverdade.ufpr.br\/blog\/2012\/10\/29\/caravana-da-anistia-chega-a-curitiba-e-inaugura-marcos-historicos\/\" target=\"_blank\">Caravana da Anistia chega a Curitiba e inaugura marcos hist\u00f3ricos<\/a><\/span><\/li>\n<li><span style=\"font-size: 8pt;\"><a href=\"https:\/\/forumverdade.ufpr.br\/blog\/2012\/10\/29\/caravana-da-anistia-inaugura-na-ufpr-marcos-da-epoca-da-resistencia\/\" target=\"_blank\">Caravana da Anistia inaugura na UFPR marcos da \u00e9poca da resist\u00eancia<\/a><\/span><\/li>\n<li><span style=\"font-size: 8pt;\"><a href=\"https:\/\/forumverdade.ufpr.br\/blog\/2012\/10\/31\/caminhos-da-resistencia-locais-que-foram-palco-da-repressao-e-da-resistencia-na-ditadura-militar\/\" target=\"_blank\">\u201cCaminhos da Resist\u00eancia\u201d, locais que foram palco da repress\u00e3o e da resist\u00eancia na ditadura militar<\/a><\/span><\/li>\n<li><span style=\"font-size: 8pt;\"><a href=\"https:\/\/forumverdade.ufpr.br\/blog\/2013\/08\/13\/caravana-da-anistia-homenagens-a-ex-presos-politicos\/\" target=\"_blank\">Caravana da Anistia: homenagens a ex-presos pol\u00edticos<\/a><\/span><\/li>\n<li><span style=\"font-size: 8pt;\"><a href=\"https:\/\/forumverdade.ufpr.br\/blog\/2013\/11\/13\/comissao-estadual-da-verdade-e-recebida-pelo-presidente-do-tribunal-de-justica-do-pr\/\" target=\"_blank\">Comiss\u00e3o Estadual da Verdade \u00e9 recebida pelo presidente do Tribunal de Justi\u00e7a do PR<\/a><\/span><\/li>\n<\/ol>\n","protected":false},"excerpt":{"rendered":"<p>A Pris\u00e3o Provis\u00f3ria de Curitiba, conhecida como Pres\u00eddio do Ah\u00fa, foi utilizada nos momentos mais agudos da repress\u00e3o para alojar presos pol\u00edticos, embora tamb\u00e9m abrigasse presos comuns. No subsolo do Ah\u00fa, um calabou\u00e7o frio e \u00famido com cinco solit\u00e1rias abrigava presos comuns e pol\u00edticos. Cada solit\u00e1ria de um metro de largura por 1,70 de altura &hellip; <\/p>\n<p><a class=\"more-link btn\" href=\"https:\/\/forumverdade.ufpr.br\/caminhosdaresistencia\/a-repressao\/presidio-do-ahu\/\">Continue lendo<\/a><\/p>\n","protected":false},"author":1,"featured_media":0,"parent":48,"menu_order":0,"comment_status":"open","ping_status":"closed","template":"","meta":{"_acf_changed":false,"footnotes":""},"class_list":["post-66","page","type-page","status-publish","hentry","nodate","item-wrap"],"acf":[],"_links":{"self":[{"href":"https:\/\/forumverdade.ufpr.br\/caminhosdaresistencia\/wp-json\/wp\/v2\/pages\/66","targetHints":{"allow":["GET"]}}],"collection":[{"href":"https:\/\/forumverdade.ufpr.br\/caminhosdaresistencia\/wp-json\/wp\/v2\/pages"}],"about":[{"href":"https:\/\/forumverdade.ufpr.br\/caminhosdaresistencia\/wp-json\/wp\/v2\/types\/page"}],"author":[{"embeddable":true,"href":"https:\/\/forumverdade.ufpr.br\/caminhosdaresistencia\/wp-json\/wp\/v2\/users\/1"}],"replies":[{"embeddable":true,"href":"https:\/\/forumverdade.ufpr.br\/caminhosdaresistencia\/wp-json\/wp\/v2\/comments?post=66"}],"version-history":[{"count":16,"href":"https:\/\/forumverdade.ufpr.br\/caminhosdaresistencia\/wp-json\/wp\/v2\/pages\/66\/revisions"}],"predecessor-version":[{"id":717,"href":"https:\/\/forumverdade.ufpr.br\/caminhosdaresistencia\/wp-json\/wp\/v2\/pages\/66\/revisions\/717"}],"up":[{"embeddable":true,"href":"https:\/\/forumverdade.ufpr.br\/caminhosdaresistencia\/wp-json\/wp\/v2\/pages\/48"}],"wp:attachment":[{"href":"https:\/\/forumverdade.ufpr.br\/caminhosdaresistencia\/wp-json\/wp\/v2\/media?parent=66"}],"curies":[{"name":"wp","href":"https:\/\/api.w.org\/{rel}","templated":true}]}}