{"id":64,"date":"2014-02-13T17:11:45","date_gmt":"2014-02-13T17:11:45","guid":{"rendered":"https:\/\/forumverdade.ufpr.br\/caminhosdaresistencia\/?page_id=64"},"modified":"2016-03-08T13:43:52","modified_gmt":"2016-03-08T13:43:52","slug":"departamento-de-ordem-politica-e-social-dops","status":"publish","type":"page","link":"https:\/\/forumverdade.ufpr.br\/caminhosdaresistencia\/a-repressao\/departamento-de-ordem-politica-e-social-dops\/","title":{"rendered":"Departamento de Ordem Pol\u00edtica e Social &#8211; DOPS"},"content":{"rendered":"<div id=\"attachment_459\" style=\"width: 567px\" class=\"wp-caption aligncenter\"><img fetchpriority=\"high\" decoding=\"async\" aria-describedby=\"caption-attachment-459\" class=\" wp-image-459 \" style=\"border: 0px;\" src=\"https:\/\/forumverdade.ufpr.br\/caminhosdaresistencia\/wp-content\/uploads\/sites\/5\/2014\/02\/DOPS.jpg\" alt=\"No DOPS, a pris\u00e3o e a tortura de militantes foi uma constante em duas ditaduras. Foto: Rodrigo Juste Duarte.\" width=\"567\" height=\"377\" srcset=\"https:\/\/forumverdade.ufpr.br\/caminhosdaresistencia\/wp-content\/uploads\/sites\/5\/2014\/02\/DOPS.jpg 709w, https:\/\/forumverdade.ufpr.br\/caminhosdaresistencia\/wp-content\/uploads\/sites\/5\/2014\/02\/DOPS-300x199.jpg 300w\" sizes=\"(max-width: 567px) 100vw, 567px\" \/><p id=\"caption-attachment-459\" class=\"wp-caption-text\">No DOPS, a pris\u00e3o e a tortura de militantes foi uma constante em duas ditaduras. Foto: Rodrigo Juste Duarte.<\/p><\/div>\n<p>Localiza\u00e7\u00e3o:\u00a0<em><strong>Rua Jo\u00e3o Negr\u00e3o, 773 &#8211; Centro<\/strong><\/em><\/p>\n<p>&nbsp;<\/p>\n<p>\u00d3rg\u00e3o hist\u00f3rico de repress\u00e3o aos movimentos sociais e populares, o DOPS foi tamb\u00e9m centro de tortura durante a ditadura do Estado Novo, retomando essa pr\u00e1tica no regime militar. Nos dois per\u00edodos ditatoriais, as v\u00edtimas preferenciais eram os militantes de partidos de esquerda. Com a centraliza\u00e7\u00e3o da repress\u00e3o pol\u00edtica pelos DOI-CODIs, a partir de 1969, passou a ter um papel secund\u00e1rio, mas n\u00e3o deixou de ser um por\u00e3o da repress\u00e3o, onde sevicias hediondas eram praticadas. O DOPS ficava na rua Jo\u00e3o Negr\u00e3o,773- Centro. Depois foi transferido para a rua Ermelino de Le\u00e3o.<\/p>\n<p>&nbsp;<\/p>\n","protected":false},"excerpt":{"rendered":"<p>Localiza\u00e7\u00e3o:\u00a0Rua Jo\u00e3o Negr\u00e3o, 773 &#8211; Centro &nbsp; \u00d3rg\u00e3o hist\u00f3rico de repress\u00e3o aos movimentos sociais e populares, o DOPS foi tamb\u00e9m centro de tortura durante a ditadura do Estado Novo, retomando essa pr\u00e1tica no regime militar. Nos dois per\u00edodos ditatoriais, as v\u00edtimas preferenciais eram os militantes de partidos de esquerda. Com a centraliza\u00e7\u00e3o da repress\u00e3o pol\u00edtica &hellip; <\/p>\n<p><a class=\"more-link btn\" href=\"https:\/\/forumverdade.ufpr.br\/caminhosdaresistencia\/a-repressao\/departamento-de-ordem-politica-e-social-dops\/\">Continue lendo<\/a><\/p>\n","protected":false},"author":1,"featured_media":0,"parent":48,"menu_order":0,"comment_status":"open","ping_status":"closed","template":"","meta":{"_acf_changed":false,"footnotes":""},"class_list":["post-64","page","type-page","status-publish","hentry","nodate","item-wrap"],"acf":[],"_links":{"self":[{"href":"https:\/\/forumverdade.ufpr.br\/caminhosdaresistencia\/wp-json\/wp\/v2\/pages\/64","targetHints":{"allow":["GET"]}}],"collection":[{"href":"https:\/\/forumverdade.ufpr.br\/caminhosdaresistencia\/wp-json\/wp\/v2\/pages"}],"about":[{"href":"https:\/\/forumverdade.ufpr.br\/caminhosdaresistencia\/wp-json\/wp\/v2\/types\/page"}],"author":[{"embeddable":true,"href":"https:\/\/forumverdade.ufpr.br\/caminhosdaresistencia\/wp-json\/wp\/v2\/users\/1"}],"replies":[{"embeddable":true,"href":"https:\/\/forumverdade.ufpr.br\/caminhosdaresistencia\/wp-json\/wp\/v2\/comments?post=64"}],"version-history":[{"count":8,"href":"https:\/\/forumverdade.ufpr.br\/caminhosdaresistencia\/wp-json\/wp\/v2\/pages\/64\/revisions"}],"predecessor-version":[{"id":712,"href":"https:\/\/forumverdade.ufpr.br\/caminhosdaresistencia\/wp-json\/wp\/v2\/pages\/64\/revisions\/712"}],"up":[{"embeddable":true,"href":"https:\/\/forumverdade.ufpr.br\/caminhosdaresistencia\/wp-json\/wp\/v2\/pages\/48"}],"wp:attachment":[{"href":"https:\/\/forumverdade.ufpr.br\/caminhosdaresistencia\/wp-json\/wp\/v2\/media?parent=64"}],"curies":[{"name":"wp","href":"https:\/\/api.w.org\/{rel}","templated":true}]}}