{"id":62,"date":"2014-02-13T17:11:23","date_gmt":"2014-02-13T17:11:23","guid":{"rendered":"https:\/\/forumverdade.ufpr.br\/caminhosdaresistencia\/?page_id=62"},"modified":"2016-03-08T13:40:45","modified_gmt":"2016-03-08T13:40:45","slug":"clinica-marumbi","status":"publish","type":"page","link":"https:\/\/forumverdade.ufpr.br\/caminhosdaresistencia\/a-repressao\/clinica-marumbi\/","title":{"rendered":"Cl\u00ednica Marumbi"},"content":{"rendered":"<p style=\"text-align: center;\"><img fetchpriority=\"high\" decoding=\"async\" class=\"aligncenter wp-image-455\" style=\"border: 0px;\" src=\"https:\/\/forumverdade.ufpr.br\/caminhosdaresistencia\/wp-content\/uploads\/sites\/5\/2014\/02\/2012-09-29-10.08.43.jpg\" alt=\"2012-09-29 10.08.43\" width=\"582\" height=\"437\" srcset=\"https:\/\/forumverdade.ufpr.br\/caminhosdaresistencia\/wp-content\/uploads\/sites\/5\/2014\/02\/2012-09-29-10.08.43.jpg 728w, https:\/\/forumverdade.ufpr.br\/caminhosdaresistencia\/wp-content\/uploads\/sites\/5\/2014\/02\/2012-09-29-10.08.43-300x225.jpg 300w\" sizes=\"(max-width: 582px) 100vw, 582px\" \/><\/p>\n<p>Localiza\u00e7\u00e3o: entre a\u00a0<em><strong>Avenida Visconde de\u00a0<\/strong><strong>Guarapuava <\/strong><\/em>e as<em><strong> ruas Dr. Pedrosa e Brigadeiro Franco.<\/strong><\/em><\/p>\n<p>&nbsp;<\/p>\n<p>O nome Cl\u00ednica Marumbi \u00e9 uma mostra do perverso humor dos torturadores e mandantes. Sob essa denomina\u00e7\u00e3o, escondia-se um sinistro centro clandestino de tortura. Clandestino, por\u00e9m em depend\u00eancias do Ex\u00e9rcito, que ocupavam quase toda a quadra compreendida entre as ruas Visconde de Guarapuava, Brigadeiro Franco, Dr. Pedrosa e Buenos Aires. \u00a0Do outro lado da rua, onde \u00e9 hoje o Shopping Curitiba, ficava o NPOR-N\u00facleo de Prepara\u00e7\u00e3o de Oficiais da Reserva.<\/p>\n<p>Testemunhas que na \u00e9poca serviam no NPOR contam que os presos ficavam acorrentados \u00e0s grades das celas e levavam bofetadas dos militares. Para manter a fachada, os torturadores usavam aventais de m\u00e9dicos e obrigavam os presos a cham\u00e1-los de \u201cdoutor\u201d.<\/p>\n<p>A Cl\u00ednica Marumbi foi utilizada pela repress\u00e3o particularmente durante a opera\u00e7\u00e3o do mesmo nome, montada contra o Partido Comunista Brasileiro, e que levou \u00e0 pris\u00e3o, no Paran\u00e1, de mais de 100 militantes.<\/p>\n<div id=\"attachment_456\" style=\"width: 607px\" class=\"wp-caption aligncenter\"><img decoding=\"async\" aria-describedby=\"caption-attachment-456\" class=\"size-full wp-image-456 \" style=\"border: 0px;\" src=\"https:\/\/forumverdade.ufpr.br\/caminhosdaresistencia\/wp-content\/uploads\/sites\/5\/2014\/02\/arara.png\" alt=\"Homem \u00e9 tortura em p\u00fablico diante de autoridades em Belo Horizonte. O pau de arara foi instrumento de tortura usado por militares em todo o pa\u00eds. Foto: Jesko Von Puttkamer\" width=\"607\" height=\"381\" srcset=\"https:\/\/forumverdade.ufpr.br\/caminhosdaresistencia\/wp-content\/uploads\/sites\/5\/2014\/02\/arara.png 607w, https:\/\/forumverdade.ufpr.br\/caminhosdaresistencia\/wp-content\/uploads\/sites\/5\/2014\/02\/arara-300x188.png 300w\" sizes=\"(max-width: 607px) 100vw, 607px\" \/><p id=\"caption-attachment-456\" class=\"wp-caption-text\">Homem \u00e9 torturado em p\u00fablico diante de autoridades em Belo Horizonte. O pau de arara foi instrumento de tortura usado por militares em todo o pa\u00eds, inclusive na Cl\u00ednica Marumbi.<br \/>Foto: Jesko Von Puttkamer<\/p><\/div>\n","protected":false},"excerpt":{"rendered":"<p>Localiza\u00e7\u00e3o: entre a\u00a0Avenida Visconde de\u00a0Guarapuava e as ruas Dr. Pedrosa e Brigadeiro Franco. &nbsp; O nome Cl\u00ednica Marumbi \u00e9 uma mostra do perverso humor dos torturadores e mandantes. Sob essa denomina\u00e7\u00e3o, escondia-se um sinistro centro clandestino de tortura. Clandestino, por\u00e9m em depend\u00eancias do Ex\u00e9rcito, que ocupavam quase toda a quadra compreendida entre as ruas Visconde &hellip; <\/p>\n<p><a class=\"more-link btn\" href=\"https:\/\/forumverdade.ufpr.br\/caminhosdaresistencia\/a-repressao\/clinica-marumbi\/\">Continue lendo<\/a><\/p>\n","protected":false},"author":1,"featured_media":0,"parent":48,"menu_order":0,"comment_status":"open","ping_status":"closed","template":"","meta":{"_acf_changed":false,"footnotes":""},"class_list":["post-62","page","type-page","status-publish","hentry","nodate","item-wrap"],"acf":[],"_links":{"self":[{"href":"https:\/\/forumverdade.ufpr.br\/caminhosdaresistencia\/wp-json\/wp\/v2\/pages\/62","targetHints":{"allow":["GET"]}}],"collection":[{"href":"https:\/\/forumverdade.ufpr.br\/caminhosdaresistencia\/wp-json\/wp\/v2\/pages"}],"about":[{"href":"https:\/\/forumverdade.ufpr.br\/caminhosdaresistencia\/wp-json\/wp\/v2\/types\/page"}],"author":[{"embeddable":true,"href":"https:\/\/forumverdade.ufpr.br\/caminhosdaresistencia\/wp-json\/wp\/v2\/users\/1"}],"replies":[{"embeddable":true,"href":"https:\/\/forumverdade.ufpr.br\/caminhosdaresistencia\/wp-json\/wp\/v2\/comments?post=62"}],"version-history":[{"count":8,"href":"https:\/\/forumverdade.ufpr.br\/caminhosdaresistencia\/wp-json\/wp\/v2\/pages\/62\/revisions"}],"predecessor-version":[{"id":711,"href":"https:\/\/forumverdade.ufpr.br\/caminhosdaresistencia\/wp-json\/wp\/v2\/pages\/62\/revisions\/711"}],"up":[{"embeddable":true,"href":"https:\/\/forumverdade.ufpr.br\/caminhosdaresistencia\/wp-json\/wp\/v2\/pages\/48"}],"wp:attachment":[{"href":"https:\/\/forumverdade.ufpr.br\/caminhosdaresistencia\/wp-json\/wp\/v2\/media?parent=62"}],"curies":[{"name":"wp","href":"https:\/\/api.w.org\/{rel}","templated":true}]}}