{"id":6,"date":"2014-02-13T15:44:30","date_gmt":"2014-02-13T15:44:30","guid":{"rendered":"https:\/\/forumverdade.ufpr.br\/caminhosdaresistencia\/?page_id=6"},"modified":"2014-04-15T20:50:57","modified_gmt":"2014-04-15T20:50:57","slug":"inicio","status":"publish","type":"page","link":"https:\/\/forumverdade.ufpr.br\/caminhosdaresistencia\/","title":{"rendered":"Seja bem vindo!"},"content":{"rendered":"<p style=\"text-align: center;\"><span style=\"font-family: verdana, geneva; font-size: 24px;\"><a href=\"https:\/\/forumverdade.ufpr.br\/caminhosdaresistencia\/wp-content\/uploads\/sites\/5\/2014\/02\/Cat\u00e1logo-fundo.jpg\"><br \/>\n<\/a>Caminhos da Resist\u00eancia<\/span><\/p>\n<hr style=\"width: 300px;\" width=\"300\" \/>\n<p><span style=\"font-family: verdana, geneva;\">A mem\u00f3ria e a verdade, reconhecidos como direitos democr\u00e1ticos e de cidadania inalien\u00e1veis, exigem que se conte a\u00a0real hist\u00f3ria dos homens e mulheres, de seus feitos e das circunst\u00e2ncias que os cercaram. Do resgate da mem\u00f3ria e da verdade\u00a0faz parte igualmente o registro dos locais onde ocorreram fatos marcantes na hist\u00f3ria recente de nosso pa\u00eds.<\/span><\/p>\n<p><span style=\"font-family: verdana, geneva;\">A hist\u00f3ria das viola\u00e7\u00f5es dos direitos humanos no Brasil, particularmente no per\u00edodo ditatorial de 1964 a 1985, pode\u00a0assim ser contada tendo como elementos os pr\u00e9dios, as cal\u00e7adas, as ruas, ch\u00e1caras, estradas, que abrigaram e testemunharam\u00a0essas ocorr\u00eancias. De um lado, a hist\u00f3ria da resist\u00eancia, \u00e0s vezes desesperada, por\u00e9m sempre presente; de outro, os locais onde\u00a0se tentou, por meio da viol\u00eancia extrema e sistem\u00e1tica, suprimir essa resist\u00eancia.<\/span><\/p>\n<p style=\"text-align: left;\"><span style=\"font-family: verdana, geneva;\">A recupera\u00e7\u00e3o dessas marcas da mem\u00f3ria \u00e9 uma das tarefas a que se prop\u00f5e o F\u00f3rum Paranaense de Resgate da Mem\u00f3ria,\u00a0Verdade e Justi\u00e7a.<\/span><br \/>\n<span style=\"font-family: verdana, geneva;\"> O presente documento n\u00e3o \u00e9, nem pretende ser, definitivo. A mem\u00f3ria e a verdade achar\u00e3o seu caminho num processo\u00a0longo, custoso e, principalmente, coletivo, do qual queremos, apenas, fazer parte.<\/span><\/p>\n<p style=\"text-align: center;\"><span style=\"font-family: verdana, geneva;\">Aos homens e mulheres que nos antecederam na luta pelos direitos humanos e contra o arb\u00edtrio, a nossa sauda\u00e7\u00e3o\u00a0calorosa e fraterna.<\/span><br \/>\n<a href=\"https:\/\/forumverdade.ufpr.br\" target=\"_blank\"><img decoding=\"async\" class=\"aligncenter  wp-image-306\" style=\"border: 0px;\" alt=\"logo-forum-transparente\" src=\"https:\/\/forumverdade.ufpr.br\/caminhosdaresistencia\/wp-content\/uploads\/sites\/5\/2014\/02\/logo-forum-transparente.gif\" width=\"198\" height=\"101\" \/><\/a><\/p>\n","protected":false},"excerpt":{"rendered":"<p>Caminhos da Resist\u00eancia A mem\u00f3ria e a verdade, reconhecidos como direitos democr\u00e1ticos e de cidadania inalien\u00e1veis, exigem que se conte a\u00a0real hist\u00f3ria dos homens e mulheres, de seus feitos e das circunst\u00e2ncias que os cercaram. Do resgate da mem\u00f3ria e da verdade\u00a0faz parte igualmente o registro dos locais onde ocorreram fatos marcantes na hist\u00f3ria recente &hellip; <\/p>\n<p><a class=\"more-link btn\" href=\"https:\/\/forumverdade.ufpr.br\/caminhosdaresistencia\/\">Continue lendo<\/a><\/p>\n","protected":false},"author":1,"featured_media":0,"parent":0,"menu_order":0,"comment_status":"open","ping_status":"open","template":"","meta":{"_acf_changed":false,"footnotes":""},"class_list":["post-6","page","type-page","status-publish","hentry","nodate","item-wrap"],"acf":[],"_links":{"self":[{"href":"https:\/\/forumverdade.ufpr.br\/caminhosdaresistencia\/wp-json\/wp\/v2\/pages\/6","targetHints":{"allow":["GET"]}}],"collection":[{"href":"https:\/\/forumverdade.ufpr.br\/caminhosdaresistencia\/wp-json\/wp\/v2\/pages"}],"about":[{"href":"https:\/\/forumverdade.ufpr.br\/caminhosdaresistencia\/wp-json\/wp\/v2\/types\/page"}],"author":[{"embeddable":true,"href":"https:\/\/forumverdade.ufpr.br\/caminhosdaresistencia\/wp-json\/wp\/v2\/users\/1"}],"replies":[{"embeddable":true,"href":"https:\/\/forumverdade.ufpr.br\/caminhosdaresistencia\/wp-json\/wp\/v2\/comments?post=6"}],"version-history":[{"count":11,"href":"https:\/\/forumverdade.ufpr.br\/caminhosdaresistencia\/wp-json\/wp\/v2\/pages\/6\/revisions"}],"predecessor-version":[{"id":496,"href":"https:\/\/forumverdade.ufpr.br\/caminhosdaresistencia\/wp-json\/wp\/v2\/pages\/6\/revisions\/496"}],"wp:attachment":[{"href":"https:\/\/forumverdade.ufpr.br\/caminhosdaresistencia\/wp-json\/wp\/v2\/media?parent=6"}],"curies":[{"name":"wp","href":"https:\/\/api.w.org\/{rel}","templated":true}]}}