{"id":566,"date":"2015-02-25T18:32:32","date_gmt":"2015-02-25T18:32:32","guid":{"rendered":"https:\/\/forumverdade.ufpr.br\/caminhosdaresistencia\/?page_id=566"},"modified":"2016-03-09T13:15:29","modified_gmt":"2016-03-09T13:15:29","slug":"livro-de-visitas-2","status":"publish","type":"page","link":"https:\/\/forumverdade.ufpr.br\/caminhosdaresistencia\/inicio\/livro-de-visitas-2\/","title":{"rendered":"Escrevendo juntos!"},"content":{"rendered":"<p><strong>Quer ajudar o Projeto Caminhos da Resist\u00eancia!<\/strong><\/p>\n<p>Se voc\u00ea viveu\u00a0ou conhece algu\u00e9m que participou da resist\u00eancia ao regime militar ou da repress\u00e3o,\u00a0 pode ajudar a escrever essa hist\u00f3ria para que as gera\u00e7\u00f5es futuras possam conhec\u00ea-la melhor, com mais informa\u00e7\u00f5es, detalhes, imagens,\u00a0fatos, locais, nomes, etc.<\/p>\n<p>Envie-nos um e-mail para <a href=\"mailto:forumverdade@ufpr.br\">forumverdade@ufpr.br<\/a> com o relato do fato\/evento que deseja tratar. Se poss\u00edvel, junte imagens (preferencialmente em alta resolu\u00e7\u00e3o), fotos, v\u00eddeos, \u00e1udios, etc.<\/p>\n<hr \/>\n<p><strong>Para que n\u00e3o se esque\u00e7a, para que nunca mais aconte\u00e7a!<\/strong><\/p>\n","protected":false},"excerpt":{"rendered":"<p>Quer ajudar o Projeto Caminhos da Resist\u00eancia! Se voc\u00ea viveu\u00a0ou conhece algu\u00e9m que participou da resist\u00eancia ao regime militar ou da repress\u00e3o,\u00a0 pode ajudar a escrever essa hist\u00f3ria para que as gera\u00e7\u00f5es futuras possam conhec\u00ea-la melhor, com mais informa\u00e7\u00f5es, detalhes, imagens,\u00a0fatos, locais, nomes, etc. Envie-nos um e-mail para forumverdade@ufpr.br com o relato do fato\/evento que &hellip; <\/p>\n<p><a class=\"more-link btn\" href=\"https:\/\/forumverdade.ufpr.br\/caminhosdaresistencia\/inicio\/livro-de-visitas-2\/\">Continue lendo<\/a><\/p>\n","protected":false},"author":1,"featured_media":0,"parent":6,"menu_order":0,"comment_status":"open","ping_status":"closed","template":"","meta":{"_acf_changed":false,"footnotes":""},"class_list":["post-566","page","type-page","status-publish","hentry","nodate","item-wrap"],"acf":[],"_links":{"self":[{"href":"https:\/\/forumverdade.ufpr.br\/caminhosdaresistencia\/wp-json\/wp\/v2\/pages\/566","targetHints":{"allow":["GET"]}}],"collection":[{"href":"https:\/\/forumverdade.ufpr.br\/caminhosdaresistencia\/wp-json\/wp\/v2\/pages"}],"about":[{"href":"https:\/\/forumverdade.ufpr.br\/caminhosdaresistencia\/wp-json\/wp\/v2\/types\/page"}],"author":[{"embeddable":true,"href":"https:\/\/forumverdade.ufpr.br\/caminhosdaresistencia\/wp-json\/wp\/v2\/users\/1"}],"replies":[{"embeddable":true,"href":"https:\/\/forumverdade.ufpr.br\/caminhosdaresistencia\/wp-json\/wp\/v2\/comments?post=566"}],"version-history":[{"count":20,"href":"https:\/\/forumverdade.ufpr.br\/caminhosdaresistencia\/wp-json\/wp\/v2\/pages\/566\/revisions"}],"predecessor-version":[{"id":740,"href":"https:\/\/forumverdade.ufpr.br\/caminhosdaresistencia\/wp-json\/wp\/v2\/pages\/566\/revisions\/740"}],"up":[{"embeddable":true,"href":"https:\/\/forumverdade.ufpr.br\/caminhosdaresistencia\/wp-json\/wp\/v2\/pages\/6"}],"wp:attachment":[{"href":"https:\/\/forumverdade.ufpr.br\/caminhosdaresistencia\/wp-json\/wp\/v2\/media?parent=566"}],"curies":[{"name":"wp","href":"https:\/\/api.w.org\/{rel}","templated":true}]}}