{"id":46,"date":"2014-02-13T17:03:04","date_gmt":"2014-02-13T17:03:04","guid":{"rendered":"https:\/\/forumverdade.ufpr.br\/caminhosdaresistencia\/?page_id=46"},"modified":"2016-03-08T13:26:19","modified_gmt":"2016-03-08T13:26:19","slug":"boca-maldita","status":"publish","type":"page","link":"https:\/\/forumverdade.ufpr.br\/caminhosdaresistencia\/a-resistencia\/boca-maldita\/","title":{"rendered":"Boca Maldita e Cal\u00e7ad\u00e3o da Rua XV"},"content":{"rendered":"<div id=\"attachment_439\" style=\"width: 333px\" class=\"wp-caption aligncenter\"><img fetchpriority=\"high\" decoding=\"async\" aria-describedby=\"caption-attachment-439\" class=\"size-full wp-image-439 \" style=\"border: 0px;\" src=\"https:\/\/forumverdade.ufpr.br\/caminhosdaresistencia\/wp-content\/uploads\/sites\/5\/2014\/02\/FOTO-12-CAL\u00c7AD\u00c3O-DA-XV.jpg\" alt=\"Com\u00edcio rel\u00e2mpago realizado pelos estudantes na rua XV, em 1968. Foto: Arquivo P\u00fablico do Paran\u00e1.\" width=\"333\" height=\"287\" srcset=\"https:\/\/forumverdade.ufpr.br\/caminhosdaresistencia\/wp-content\/uploads\/sites\/5\/2014\/02\/FOTO-12-CAL\u00c7AD\u00c3O-DA-XV.jpg 333w, https:\/\/forumverdade.ufpr.br\/caminhosdaresistencia\/wp-content\/uploads\/sites\/5\/2014\/02\/FOTO-12-CAL\u00c7AD\u00c3O-DA-XV-300x258.jpg 300w\" sizes=\"(max-width: 333px) 100vw, 333px\" \/><p id=\"caption-attachment-439\" class=\"wp-caption-text\">Com\u00edcio rel\u00e2mpago realizado pelos estudantes na rua XV, em 1968.<br \/>Foto: Arquivo P\u00fablico do Paran\u00e1.<\/p><\/div>\n<p>&nbsp;<\/p>\n<p><strong>Rua XV de Novembro &#8211; Centro<\/strong><\/p>\n<p><strong>Boca Maldita: AV. Luiz Xavier &#8211; Centro<\/strong><\/p>\n<p>&nbsp;<\/p>\n<p>Em 1968, diversas manifesta\u00e7\u00f5es passaram pela rua XV de Novembro. O cal\u00e7ad\u00e3o foi inaugurado\u00a0em 1970; em poucos anos, a rua passou a ser o local privilegiado das manifesta\u00e7\u00f5es, passeatas, com\u00edcios\u00a0rel\u00e2mpagos e atos de todo tipo, que geralmente terminavam na Boca Maldita. E at\u00e9 hoje \u00e9 assim.<\/p>\n<p>Entre os in\u00fameros fatos marcantes que tiveram como palco a Boca Maldita, um merece aten\u00e7\u00e3o especial: o com\u00edcio das Diretas-j\u00e1, em 12 de janeiro de 1984, o primeiro em todo o Brasil a contar com as principais lideran\u00e7as nacionais na luta por elei\u00e7\u00f5es diretas para presidente da Rep\u00fablica. Estiveram na pra\u00e7a o presidente\u00a0 nacional do PMDB, Ulysses Guimar\u00e3es , os governadores Tancredo Neves (MG), Franco Montoro (SP) e Jos\u00e9 Richa (PR) e o locutor Osmar Santos.\u00a0 No dia seguinte, uma multid\u00e3o semelhante lotou o centro de Porto Alegre. Duas semanas mais tarde, a Pra\u00e7a da S\u00e9, em S\u00e3o Paulo, foi tomada por cerca de 100 mil pessoas. Exausto, atolado na infla\u00e7\u00e3o, o regime militar, velho de 20 anos, assistiu por tr\u00eas meses \u00e0 anima\u00e7\u00e3o das Diretas-j\u00e1 se espalhar pelo Pa\u00eds. Um ato no Rio de Janeiro e outro no Anhangaba\u00fa, em S\u00e3o Paulo, reuniram aproximadamente 1 milh\u00e3o de pessoas.<\/p>\n<p>Tr\u00eas meses depois, em 25 de abril, a emenda constitucional que propunha elei\u00e7\u00f5es diretas foi derrotada no Congresso: precisava de 320 votos e s\u00f3 conseguiu 298. Mesmo assim, estava consolidado o movimento e a popula\u00e7\u00e3o clamava por elei\u00e7\u00f5es diretas. Um ano depois do com\u00edcio de Curitiba, em 15 de janeiro de 1985, Tancredo Neves era eleito presidente por um col\u00e9gio eleitoral. A ditadura acabava.<\/p>\n<p>&nbsp;<\/p>\n<p>&nbsp;<\/p>\n<div id=\"attachment_444\" style=\"width: 567px\" class=\"wp-caption aligncenter\"><a href=\"https:\/\/forumverdade.ufpr.br\/caminhosdaresistencia\/wp-content\/uploads\/sites\/5\/2014\/02\/FOTO-13-BOCA-MALDITA1.jpg\"><img decoding=\"async\" aria-describedby=\"caption-attachment-444\" class=\" wp-image-444 \" style=\"border: 0px;\" src=\"https:\/\/forumverdade.ufpr.br\/caminhosdaresistencia\/wp-content\/uploads\/sites\/5\/2014\/02\/FOTO-13-BOCA-MALDITA1.jpg\" alt=\"Com\u00edcio das Diretas-j\u00e1, em 12 de janeiro de 1984. Foto: Gazeta do Povo\/Rubens Vandresen.\" width=\"567\" height=\"399\" srcset=\"https:\/\/forumverdade.ufpr.br\/caminhosdaresistencia\/wp-content\/uploads\/sites\/5\/2014\/02\/FOTO-13-BOCA-MALDITA1.jpg 709w, https:\/\/forumverdade.ufpr.br\/caminhosdaresistencia\/wp-content\/uploads\/sites\/5\/2014\/02\/FOTO-13-BOCA-MALDITA1-300x211.jpg 300w\" sizes=\"(max-width: 567px) 100vw, 567px\" \/><\/a><p id=\"caption-attachment-444\" class=\"wp-caption-text\">Com\u00edcio das Diretas-j\u00e1, em 12 de janeiro de 1984. Foto: Gazeta do Povo\/Rubens Vandresen.<\/p><\/div>\n<div><\/div>\n<p>&nbsp;<\/p>\n<div id=\"attachment_440\" style=\"width: 561px\" class=\"wp-caption aligncenter\"><img decoding=\"async\" aria-describedby=\"caption-attachment-440\" class=\" wp-image-440 \" style=\"border: 0px;\" src=\"https:\/\/forumverdade.ufpr.br\/caminhosdaresistencia\/wp-content\/uploads\/sites\/5\/2014\/02\/Curitiba-faz-historia.jpg\" alt=\"Foto: Arquivo Gazeta do Povo\/Rubens Vandresen\" width=\"561\" height=\"395\" srcset=\"https:\/\/forumverdade.ufpr.br\/caminhosdaresistencia\/wp-content\/uploads\/sites\/5\/2014\/02\/Curitiba-faz-historia.jpg 690w, https:\/\/forumverdade.ufpr.br\/caminhosdaresistencia\/wp-content\/uploads\/sites\/5\/2014\/02\/Curitiba-faz-historia-300x211.jpg 300w\" sizes=\"(max-width: 561px) 100vw, 561px\" \/><p id=\"caption-attachment-440\" class=\"wp-caption-text\">Foto: Arquivo Gazeta do Povo\/Rubens Vandresen<\/p><\/div>\n<p>&nbsp;<\/p>\n\n\n","protected":false},"excerpt":{"rendered":"<p>&nbsp; Rua XV de Novembro &#8211; Centro Boca Maldita: AV. Luiz Xavier &#8211; Centro &nbsp; Em 1968, diversas manifesta\u00e7\u00f5es passaram pela rua XV de Novembro. O cal\u00e7ad\u00e3o foi inaugurado\u00a0em 1970; em poucos anos, a rua passou a ser o local privilegiado das manifesta\u00e7\u00f5es, passeatas, com\u00edcios\u00a0rel\u00e2mpagos e atos de todo tipo, que geralmente terminavam na Boca &hellip; <\/p>\n<p><a class=\"more-link btn\" href=\"https:\/\/forumverdade.ufpr.br\/caminhosdaresistencia\/a-resistencia\/boca-maldita\/\">Continue lendo<\/a><\/p>\n","protected":false},"author":1,"featured_media":0,"parent":13,"menu_order":0,"comment_status":"open","ping_status":"closed","template":"","meta":{"_acf_changed":false,"footnotes":""},"class_list":["post-46","page","type-page","status-publish","hentry","nodate","item-wrap"],"acf":[],"_links":{"self":[{"href":"https:\/\/forumverdade.ufpr.br\/caminhosdaresistencia\/wp-json\/wp\/v2\/pages\/46","targetHints":{"allow":["GET"]}}],"collection":[{"href":"https:\/\/forumverdade.ufpr.br\/caminhosdaresistencia\/wp-json\/wp\/v2\/pages"}],"about":[{"href":"https:\/\/forumverdade.ufpr.br\/caminhosdaresistencia\/wp-json\/wp\/v2\/types\/page"}],"author":[{"embeddable":true,"href":"https:\/\/forumverdade.ufpr.br\/caminhosdaresistencia\/wp-json\/wp\/v2\/users\/1"}],"replies":[{"embeddable":true,"href":"https:\/\/forumverdade.ufpr.br\/caminhosdaresistencia\/wp-json\/wp\/v2\/comments?post=46"}],"version-history":[{"count":14,"href":"https:\/\/forumverdade.ufpr.br\/caminhosdaresistencia\/wp-json\/wp\/v2\/pages\/46\/revisions"}],"predecessor-version":[{"id":709,"href":"https:\/\/forumverdade.ufpr.br\/caminhosdaresistencia\/wp-json\/wp\/v2\/pages\/46\/revisions\/709"}],"up":[{"embeddable":true,"href":"https:\/\/forumverdade.ufpr.br\/caminhosdaresistencia\/wp-json\/wp\/v2\/pages\/13"}],"wp:attachment":[{"href":"https:\/\/forumverdade.ufpr.br\/caminhosdaresistencia\/wp-json\/wp\/v2\/media?parent=46"}],"curies":[{"name":"wp","href":"https:\/\/api.w.org\/{rel}","templated":true}]}}