{"id":44,"date":"2014-02-13T17:02:41","date_gmt":"2014-02-13T17:02:41","guid":{"rendered":"https:\/\/forumverdade.ufpr.br\/caminhosdaresistencia\/?page_id=44"},"modified":"2016-03-08T13:33:58","modified_gmt":"2016-03-08T13:33:58","slug":"rua-xv-de-novembro","status":"publish","type":"page","link":"https:\/\/forumverdade.ufpr.br\/caminhosdaresistencia\/a-resistencia\/rua-xv-de-novembro\/","title":{"rendered":"Rua XV de Novembro"},"content":{"rendered":"<p><a href=\"https:\/\/forumverdade.ufpr.br\/caminhosdaresistencia\/wp-content\/uploads\/sites\/5\/2014\/02\/CAL\u00c7AD\u00c3O-DA-XV.jpg\"><img fetchpriority=\"high\" decoding=\"async\" class=\"alignleft size-medium wp-image-201\" alt=\"CAL\u00c7AD\u00c3O DA XV\" src=\"https:\/\/forumverdade.ufpr.br\/caminhosdaresistencia\/wp-content\/uploads\/sites\/5\/2014\/02\/CAL\u00c7AD\u00c3O-DA-XV-300x258.jpg\" width=\"300\" height=\"258\" srcset=\"https:\/\/forumverdade.ufpr.br\/caminhosdaresistencia\/wp-content\/uploads\/sites\/5\/2014\/02\/CAL\u00c7AD\u00c3O-DA-XV-300x258.jpg 300w, https:\/\/forumverdade.ufpr.br\/caminhosdaresistencia\/wp-content\/uploads\/sites\/5\/2014\/02\/CAL\u00c7AD\u00c3O-DA-XV.jpg 334w\" sizes=\"(max-width: 300px) 100vw, 300px\" \/><\/a>Em 1968, diversas manifesta\u00e7\u00f5es passaram pela rua XV de Novembro. O cal\u00e7ad\u00e3o foi inaugurado<br \/>\nem 1970; em poucos anos, a rua passou a ser o local privilegiado das manifesta\u00e7\u00f5es, passeatas, com\u00edcios<br \/>\nrel\u00e2mpagos e atos de todo tipo, que geralmente terminavam na Boca Maldita.<\/p>\n<p><strong>Rua XV de Novembro &#8211; Centro<\/strong><\/p>\n","protected":false},"excerpt":{"rendered":"<p>Em 1968, diversas manifesta\u00e7\u00f5es passaram pela rua XV de Novembro. O cal\u00e7ad\u00e3o foi inaugurado em 1970; em poucos anos, a rua passou a ser o local privilegiado das manifesta\u00e7\u00f5es, passeatas, com\u00edcios rel\u00e2mpagos e atos de todo tipo, que geralmente terminavam na Boca Maldita. Rua XV de Novembro &#8211; Centro<\/p>\n","protected":false},"author":1,"featured_media":0,"parent":13,"menu_order":0,"comment_status":"open","ping_status":"closed","template":"","meta":{"_acf_changed":false,"footnotes":""},"class_list":["post-44","page","type-page","status-publish","hentry","nodate","item-wrap"],"acf":[],"_links":{"self":[{"href":"https:\/\/forumverdade.ufpr.br\/caminhosdaresistencia\/wp-json\/wp\/v2\/pages\/44","targetHints":{"allow":["GET"]}}],"collection":[{"href":"https:\/\/forumverdade.ufpr.br\/caminhosdaresistencia\/wp-json\/wp\/v2\/pages"}],"about":[{"href":"https:\/\/forumverdade.ufpr.br\/caminhosdaresistencia\/wp-json\/wp\/v2\/types\/page"}],"author":[{"embeddable":true,"href":"https:\/\/forumverdade.ufpr.br\/caminhosdaresistencia\/wp-json\/wp\/v2\/users\/1"}],"replies":[{"embeddable":true,"href":"https:\/\/forumverdade.ufpr.br\/caminhosdaresistencia\/wp-json\/wp\/v2\/comments?post=44"}],"version-history":[{"count":5,"href":"https:\/\/forumverdade.ufpr.br\/caminhosdaresistencia\/wp-json\/wp\/v2\/pages\/44\/revisions"}],"predecessor-version":[{"id":200,"href":"https:\/\/forumverdade.ufpr.br\/caminhosdaresistencia\/wp-json\/wp\/v2\/pages\/44\/revisions\/200"}],"up":[{"embeddable":true,"href":"https:\/\/forumverdade.ufpr.br\/caminhosdaresistencia\/wp-json\/wp\/v2\/pages\/13"}],"wp:attachment":[{"href":"https:\/\/forumverdade.ufpr.br\/caminhosdaresistencia\/wp-json\/wp\/v2\/media?parent=44"}],"curies":[{"name":"wp","href":"https:\/\/api.w.org\/{rel}","templated":true}]}}