{"id":42,"date":"2014-02-13T17:02:12","date_gmt":"2014-02-13T17:02:12","guid":{"rendered":"https:\/\/forumverdade.ufpr.br\/caminhosdaresistencia\/?page_id=42"},"modified":"2016-03-08T13:27:41","modified_gmt":"2016-03-08T13:27:41","slug":"colegio-estadual-do-parana","status":"publish","type":"page","link":"https:\/\/forumverdade.ufpr.br\/caminhosdaresistencia\/a-resistencia\/colegio-estadual-do-parana\/","title":{"rendered":"Col\u00e9gio Estadual do Paran\u00e1"},"content":{"rendered":"<p>&nbsp;<\/p>\n<div id=\"attachment_311\" style=\"width: 617px\" class=\"wp-caption aligncenter\"><img fetchpriority=\"high\" decoding=\"async\" aria-describedby=\"caption-attachment-311\" class=\" wp-image-311\" style=\"border: 0px;\" src=\"https:\/\/forumverdade.ufpr.br\/caminhosdaresistencia\/wp-content\/uploads\/sites\/5\/2014\/02\/Colegio-Estadual-do-Parana.jpg\" alt=\"Col\u00e9gio Estadual do Paran\u00e1\" width=\"617\" height=\"410\" srcset=\"https:\/\/forumverdade.ufpr.br\/caminhosdaresistencia\/wp-content\/uploads\/sites\/5\/2014\/02\/Colegio-Estadual-do-Parana.jpg 1029w, https:\/\/forumverdade.ufpr.br\/caminhosdaresistencia\/wp-content\/uploads\/sites\/5\/2014\/02\/Colegio-Estadual-do-Parana-300x199.jpg 300w, https:\/\/forumverdade.ufpr.br\/caminhosdaresistencia\/wp-content\/uploads\/sites\/5\/2014\/02\/Colegio-Estadual-do-Parana-1024x679.jpg 1024w\" sizes=\"(max-width: 617px) 100vw, 617px\" \/><p id=\"caption-attachment-311\" class=\"wp-caption-text\">Col\u00e9gio Estadual do Paran\u00e1<\/p><\/div>\n<p>Localiza\u00e7\u00e3o:\u00a0<em><strong>Av. Jo\u00e3o Gualberto, 250 &#8211; Alto da Gl\u00f3ria<\/strong><\/em><\/p>\n<p>&nbsp;<\/p>\n<p>As grandes assembleias estaduais da APP e, depois, da APP-Sindicato, foram realizadas no <a title=\"Col\u00e9gio Estadual do Paran\u00e1\" href=\"http:\/\/www.cep.pr.gov.br\/\" target=\"_blank\">Col\u00e9gio Estadual do Paran\u00e1<\/a>.<\/p>\n<p>&nbsp;<\/p>\n<div id=\"attachment_309\" style=\"width: 598px\" class=\"wp-caption aligncenter\"><img decoding=\"async\" aria-describedby=\"caption-attachment-309\" class=\" wp-image-309 \" style=\"border: 0px;\" src=\"https:\/\/forumverdade.ufpr.br\/caminhosdaresistencia\/wp-content\/uploads\/sites\/5\/2014\/02\/FOTO-09B-APP-sepia.jpg\" alt=\"A ditadura j\u00e1 havia terminado, mas isso n\u00e3o impediu que os professores em greve fossem massacrados pela pol\u00edcia em 30 de agosto de 1988, no Centro C\u00edvico. Foto: Arquivo APP-Sindicato\" width=\"598\" height=\"393\" srcset=\"https:\/\/forumverdade.ufpr.br\/caminhosdaresistencia\/wp-content\/uploads\/sites\/5\/2014\/02\/FOTO-09B-APP-sepia.jpg 2768w, https:\/\/forumverdade.ufpr.br\/caminhosdaresistencia\/wp-content\/uploads\/sites\/5\/2014\/02\/FOTO-09B-APP-sepia-300x197.jpg 300w, https:\/\/forumverdade.ufpr.br\/caminhosdaresistencia\/wp-content\/uploads\/sites\/5\/2014\/02\/FOTO-09B-APP-sepia-1024x673.jpg 1024w\" sizes=\"(max-width: 598px) 100vw, 598px\" \/><p id=\"caption-attachment-309\" class=\"wp-caption-text\">A ditadura j\u00e1 havia terminado, mas isso n\u00e3o impediu que os professores em greve fossem massacrados pela pol\u00edcia em 30 de agosto de 1988, no Centro C\u00edvico. Foto: Arquivo APP-Sindicato<\/p><\/div>\n<hr \/>\n<p>&nbsp;<\/p>\n<p style=\"text-align: center;\"><em><span style=\"color: #993300;\">Lei de cria\u00e7\u00e3o do Col\u00e9gio Estadual do Paran\u00e1\u00a0<\/span><\/em><span class=\"wp-easy-gallery\"><a onclick=\"var images=['https:\/\/forumverdade.ufpr.br\/caminhosdaresistencia\/wp-content\/uploads\/sites\/5\/2014\/02\/Colegio-Estadual-do-Parana-Lei-de-criacao-1846_01.jpg', 'https:\/\/forumverdade.ufpr.br\/caminhosdaresistencia\/wp-content\/uploads\/sites\/5\/2014\/02\/Colegio-Estadual-do-Parana-Lei-de-criacao-1846_02.jpg']; var titles=['', '']; var descriptions=['', '']; jQuery.prettyPhoto.open(images,titles,descriptions);\" title=\"Col\u00e9gio Estadual do Paran\u00e1\" style=\"cursor: pointer;\"><img decoding=\"async\" class=\"dShadow trans\" src=\"https:\/\/forumverdade.ufpr.br\/caminhosdaresistencia\/wp-content\/uploads\/sites\/5\/2014\/02\/Col\u00e9gio_Estadual_de_Curitiba-150x150.png\"   border=\"0\" alt=\"Col\u00e9gio Estadual do Paran\u00e1\" \/><span class=\"wpeg-gallery-name center\">Col\u00e9gio Estadual do Paran\u00e1<\/span><\/a><\/span><\/p>\n<p>&nbsp;<\/p>\n<hr \/>\n<div id=\"attachment_320\" style=\"width: 543px\" class=\"wp-caption aligncenter\"><img decoding=\"async\" aria-describedby=\"caption-attachment-320\" class=\" wp-image-320 \" src=\"https:\/\/forumverdade.ufpr.br\/caminhosdaresistencia\/wp-content\/uploads\/sites\/5\/2014\/02\/Colegio-Estadual-do-Paran\u00e1-vista-aerea1960.jpeg\" alt=\"Colegio Estadual do Paran\u00e1 -vista aerea1960\" width=\"543\" height=\"399\" srcset=\"https:\/\/forumverdade.ufpr.br\/caminhosdaresistencia\/wp-content\/uploads\/sites\/5\/2014\/02\/Colegio-Estadual-do-Paran\u00e1-vista-aerea1960.jpeg 400w, https:\/\/forumverdade.ufpr.br\/caminhosdaresistencia\/wp-content\/uploads\/sites\/5\/2014\/02\/Colegio-Estadual-do-Paran\u00e1-vista-aerea1960-300x220.jpeg 300w\" sizes=\"(max-width: 543px) 100vw, 543px\" \/><p id=\"caption-attachment-320\" class=\"wp-caption-text\">Col\u00e9gio Estadual do Paran\u00e1 &#8211; Vista a\u00e9rea 1960<\/p><\/div>\n<p>&nbsp;<\/p>\n<p><span style=\"color: #993366; text-decoration: underline;\">Informa\u00e7\u00e3o geral:<\/span><\/p>\n<p>O\u00a0<b>Col\u00e9gio Estadual do Paran\u00e1 (CEP)<\/b>, conhecido por Col\u00e9gio Estadual, \u00e9 um tradicional estabelecimento de ensino p\u00fablico\u00a0paranaense, localizado na capital:\u00a0Curitiba. Considerado o maior e o mais antigo col\u00e9gio p\u00fablico do\u00a0estado, atualmente atende a cerca de 4.700\u00a0estudantes.<\/p>\n<p>O CEP \u00e9 uma\u00a0institui\u00e7\u00e3o\u00a0vinculada \u00e0 Secretaria de Estado da Educa\u00e7\u00e3o, localizada no bairro\u00a0Alto da Gl\u00f3ria\u00a0e sua sede ocupa uma \u00e1rea total de 40.000 m\u00b2. A edifica\u00e7\u00e3o comporta 47 salas de aula, 5\u00a0Laborat\u00f3rios\u00a0de\u00a0Inform\u00e1tica,\u00a0Laborat\u00f3rio\u00a0de\u00a0Qu\u00edmica, Laborat\u00f3rio de\u00a0F\u00edsica, Laborat\u00f3rio de\u00a0Biologia, salas especiais para a Escolinha de Arte e para o Centro de L\u00ednguas do Col\u00e9gio Estadual do Paran\u00e1 (CELICEP ou Centro de L\u00ednguas Estrangeiras Modernas &#8211; CELEM) com oferta de nove idiomas (alem\u00e3o, espanhol, franc\u00eas, ingl\u00eas, italiano, japon\u00eas, mandarim, polon\u00eas e ucraniano), ampla \u00e1rea de\u00a0Educa\u00e7\u00e3o F\u00edsica\u00a0e\u00a0desportos, inclusive\u00a0piscinas,\u00a0gin\u00e1sio, campo de futebol e pista de\u00a0atletismo. Al\u00e9m de todos estes ambientes, h\u00e1 o\u00a0<a title=\"Audit\u00f3rio\" href=\"http:\/\/pt.wikipedia.org\/wiki\/Audit%C3%B3rio\">Audit\u00f3rio<\/a>\u00a0<a title=\"Bento Mossurunga\" href=\"http:\/\/pt.wikipedia.org\/wiki\/Bento_Mossurunga\" target=\"_blank\">Bento Mossurunga<\/a>, o Sal\u00e3o Nobre, o Restaurante, o Museu\u00a0<a title=\"Guido Straube\" href=\"http:\/\/pt.wikipedia.org\/wiki\/Guido_Straube\" target=\"_blank\">Guido Straube<\/a>\u00a0e o\u00a0<a title=\"Planet\u00e1rio\" href=\"http:\/\/pt.wikipedia.org\/wiki\/Planet%C3%A1rio\" target=\"_blank\">Planet\u00e1rio<\/a>\u00a0Prof. Francisco Jos\u00e9 Gomes Ribeiro.<\/p>\n<p>Al\u00e9m de todos estes espa\u00e7os tamb\u00e9m fazem parte do CEP, o Canteiro de Obras (Col\u00e9gio Estadual do Paran\u00e1 (localizado no bairro\u00a0Santa Felicidade) e o Observat\u00f3rio Astron\u00f4mico Professor Doutor Leonel Moro (localizado no\u00a0munic\u00edpio\u00a0de\u00a0Campo Magro,\u00a0Regi\u00e3o Metropolitana de Curitiba).<\/p>\n<p>&nbsp;<\/p>\n\n","protected":false},"excerpt":{"rendered":"<p>&nbsp; Localiza\u00e7\u00e3o:\u00a0Av. Jo\u00e3o Gualberto, 250 &#8211; Alto da Gl\u00f3ria &nbsp; As grandes assembleias estaduais da APP e, depois, da APP-Sindicato, foram realizadas no Col\u00e9gio Estadual do Paran\u00e1. &nbsp; &nbsp; Lei de cria\u00e7\u00e3o do Col\u00e9gio Estadual do Paran\u00e1\u00a0 &nbsp; &nbsp; Informa\u00e7\u00e3o geral: O\u00a0Col\u00e9gio Estadual do Paran\u00e1 (CEP), conhecido por Col\u00e9gio Estadual, \u00e9 um tradicional estabelecimento de &hellip; <\/p>\n<p><a class=\"more-link btn\" href=\"https:\/\/forumverdade.ufpr.br\/caminhosdaresistencia\/a-resistencia\/colegio-estadual-do-parana\/\">Continue lendo<\/a><\/p>\n","protected":false},"author":1,"featured_media":0,"parent":13,"menu_order":0,"comment_status":"open","ping_status":"closed","template":"","meta":{"_acf_changed":false,"footnotes":""},"class_list":["post-42","page","type-page","status-publish","hentry","nodate","item-wrap"],"acf":[],"_links":{"self":[{"href":"https:\/\/forumverdade.ufpr.br\/caminhosdaresistencia\/wp-json\/wp\/v2\/pages\/42","targetHints":{"allow":["GET"]}}],"collection":[{"href":"https:\/\/forumverdade.ufpr.br\/caminhosdaresistencia\/wp-json\/wp\/v2\/pages"}],"about":[{"href":"https:\/\/forumverdade.ufpr.br\/caminhosdaresistencia\/wp-json\/wp\/v2\/types\/page"}],"author":[{"embeddable":true,"href":"https:\/\/forumverdade.ufpr.br\/caminhosdaresistencia\/wp-json\/wp\/v2\/users\/1"}],"replies":[{"embeddable":true,"href":"https:\/\/forumverdade.ufpr.br\/caminhosdaresistencia\/wp-json\/wp\/v2\/comments?post=42"}],"version-history":[{"count":45,"href":"https:\/\/forumverdade.ufpr.br\/caminhosdaresistencia\/wp-json\/wp\/v2\/pages\/42\/revisions"}],"predecessor-version":[{"id":707,"href":"https:\/\/forumverdade.ufpr.br\/caminhosdaresistencia\/wp-json\/wp\/v2\/pages\/42\/revisions\/707"}],"up":[{"embeddable":true,"href":"https:\/\/forumverdade.ufpr.br\/caminhosdaresistencia\/wp-json\/wp\/v2\/pages\/13"}],"wp:attachment":[{"href":"https:\/\/forumverdade.ufpr.br\/caminhosdaresistencia\/wp-json\/wp\/v2\/media?parent=42"}],"curies":[{"name":"wp","href":"https:\/\/api.w.org\/{rel}","templated":true}]}}