{"id":40,"date":"2014-02-13T17:01:41","date_gmt":"2014-02-13T17:01:41","guid":{"rendered":"https:\/\/forumverdade.ufpr.br\/caminhosdaresistencia\/?page_id=40"},"modified":"2016-03-08T13:26:00","modified_gmt":"2016-03-08T13:26:00","slug":"associacao-dos-professores-do-parana-app","status":"publish","type":"page","link":"https:\/\/forumverdade.ufpr.br\/caminhosdaresistencia\/a-resistencia\/associacao-dos-professores-do-parana-app\/","title":{"rendered":"Associa\u00e7\u00e3o dos Professores do Paran\u00e1 &#8211; APP"},"content":{"rendered":"<div id=\"attachment_421\" style=\"width: 567px\" class=\"wp-caption aligncenter\"><img fetchpriority=\"high\" decoding=\"async\" aria-describedby=\"caption-attachment-421\" class=\" wp-image-421 \" style=\"border: 0px;\" src=\"https:\/\/forumverdade.ufpr.br\/caminhosdaresistencia\/wp-content\/uploads\/sites\/5\/2014\/02\/FOTO-09-APP1.jpg\" alt=\"Quinze mil professores em concentra\u00e7\u00e3o no Centro C\u00edvico em um dos tr\u00eas acampamentos que aconteceram da d\u00e9cada de 80. Foto: arquivo APP-Sindicato\" width=\"567\" height=\"432\" srcset=\"https:\/\/forumverdade.ufpr.br\/caminhosdaresistencia\/wp-content\/uploads\/sites\/5\/2014\/02\/FOTO-09-APP1.jpg 709w, https:\/\/forumverdade.ufpr.br\/caminhosdaresistencia\/wp-content\/uploads\/sites\/5\/2014\/02\/FOTO-09-APP1-300x228.jpg 300w\" sizes=\"(max-width: 567px) 100vw, 567px\" \/><p id=\"caption-attachment-421\" class=\"wp-caption-text\">Quinze mil professores em concentra\u00e7\u00e3o no Centro C\u00edvico em um dos tr\u00eas acampamentos que aconteceram da d\u00e9cada de 80.<br \/>Foto: arquivo APP-Sindicato<\/p><\/div>\n<p>Localiza\u00e7\u00e3o:\u00a0<strong>Edif\u00edcio ASA &#8211; Centro (\u00e0 \u00e9poca)<\/strong><\/p>\n<p>&nbsp;<\/p>\n<p>Em 1968, a APP promove uma greve com o nome Congresso do Magist\u00e9rio, para iludir a repress\u00e3o. Em<br \/>\nmuitos munic\u00edpios paranaenses, os professores paralisam suas atividades e se dirigem a Curitiba, numa<br \/>\nmanifesta\u00e7\u00e3o hist\u00f3rica. Em outubro de 1980, ocorre uma nova paralisa\u00e7\u00e3o de 22 dias, com uma concentra\u00e7\u00e3o de 15 mil professores na capital. J\u00e1 no per\u00edodo democr\u00e1tico, em 30 de agosto de 1988, os professores s\u00e3o massacrados pela pol\u00edcia, no Centro C\u00edvico. A data virou uma refer\u00eancia de luta e mem\u00f3ria. A entidade \u00e9 hoje a APP-Sindicato, a maior organiza\u00e7\u00e3o sindical do Paran\u00e1.<\/p>\n<div id=\"attachment_309\" style=\"width: 577px\" class=\"wp-caption aligncenter\"><a href=\"https:\/\/forumverdade.ufpr.br\/caminhosdaresistencia\/wp-content\/uploads\/sites\/5\/2014\/02\/FOTO-09B-APP-sepia.jpg\"><img decoding=\"async\" aria-describedby=\"caption-attachment-309\" class=\" wp-image-309\" src=\"https:\/\/forumverdade.ufpr.br\/caminhosdaresistencia\/wp-content\/uploads\/sites\/5\/2014\/02\/FOTO-09B-APP-sepia-1024x673.jpg\" alt=\"A ditadura j\u00e1 havia terminado, mas isso n\u00e3o impediu que os professores em greve fossem massacrados pela pol\u00edcia em 30 de agosto de 1988, no Centro C\u00edvico. Foto: Arquivo APP-Sindicato\" width=\"577\" height=\"379\" srcset=\"https:\/\/forumverdade.ufpr.br\/caminhosdaresistencia\/wp-content\/uploads\/sites\/5\/2014\/02\/FOTO-09B-APP-sepia-1024x673.jpg 1024w, https:\/\/forumverdade.ufpr.br\/caminhosdaresistencia\/wp-content\/uploads\/sites\/5\/2014\/02\/FOTO-09B-APP-sepia-300x197.jpg 300w\" sizes=\"(max-width: 577px) 100vw, 577px\" \/><\/a><p id=\"caption-attachment-309\" class=\"wp-caption-text\">A ditadura j\u00e1 havia terminado, mas isso n\u00e3o impediu que os professores em greve fossem massacrados pela pol\u00edcia em 30 de agosto de 1988, no Centro C\u00edvico. Foto: Arquivo APP-Sindicato<\/p><\/div>\n<p>&nbsp;<\/p>\n<p style=\"text-align: center;\"><iframe src=\"https:\/\/maps.google.com.br\/maps?f=q&amp;source=s_q&amp;hl=pt-BR&amp;geocode=&amp;q=APP+Sindicato+dos+Trabalhadores+em+Educa%C3%A7%C3%A3o+P%C3%BAblica+do+Paran%C3%A1+-+Rua+Volunt%C3%A1rios+da+P%C3%A1tria,+Centro,+Curitiba+-+Paran%C3%A1&amp;aq=0&amp;oq=app+sindicato&amp;sll=-25.532713,-49.172481&amp;sspn=0.14266,0.264187&amp;t=h&amp;ie=UTF8&amp;hq=APP+Sindicato+dos+Trabalhadores+em+Educa%C3%A7%C3%A3o+P%C3%BAblica+do+Paran%C3%A1+-&amp;hnear=R.+Volunt%C3%A1rios+da+P%C3%A1tria+-+Centro,+Curitiba+-+Paran%C3%A1&amp;ll=-25.435872,-49.275562&amp;spn=0.015858,0.015248&amp;output=embed\" width=\"425\" height=\"350\" frameborder=\"0\" marginwidth=\"0\" marginheight=\"0\" scrolling=\"no\"><\/iframe><br \/>\n<small><a style=\"color: #0000ff; text-align: left;\" href=\"https:\/\/maps.google.com.br\/maps?f=q&amp;source=embed&amp;hl=pt-BR&amp;geocode=&amp;q=APP+Sindicato+dos+Trabalhadores+em+Educa%C3%A7%C3%A3o+P%C3%BAblica+do+Paran%C3%A1+-+Rua+Volunt%C3%A1rios+da+P%C3%A1tria,+Centro,+Curitiba+-+Paran%C3%A1&amp;aq=0&amp;oq=app+sindicato&amp;sll=-25.532713,-49.172481&amp;sspn=0.14266,0.264187&amp;t=h&amp;ie=UTF8&amp;hq=APP+Sindicato+dos+Trabalhadores+em+Educa%C3%A7%C3%A3o+P%C3%BAblica+do+Paran%C3%A1+-&amp;hnear=R.+Volunt%C3%A1rios+da+P%C3%A1tria+-+Centro,+Curitiba+-+Paran%C3%A1&amp;ll=-25.435872,-49.275562&amp;spn=0.015858,0.015248\">Exibir mapa ampliado<\/a><\/small><\/p>\n","protected":false},"excerpt":{"rendered":"<p>Localiza\u00e7\u00e3o:\u00a0Edif\u00edcio ASA &#8211; Centro (\u00e0 \u00e9poca) &nbsp; Em 1968, a APP promove uma greve com o nome Congresso do Magist\u00e9rio, para iludir a repress\u00e3o. Em muitos munic\u00edpios paranaenses, os professores paralisam suas atividades e se dirigem a Curitiba, numa manifesta\u00e7\u00e3o hist\u00f3rica. Em outubro de 1980, ocorre uma nova paralisa\u00e7\u00e3o de 22 dias, com uma concentra\u00e7\u00e3o &hellip; <\/p>\n<p><a class=\"more-link btn\" href=\"https:\/\/forumverdade.ufpr.br\/caminhosdaresistencia\/a-resistencia\/associacao-dos-professores-do-parana-app\/\">Continue lendo<\/a><\/p>\n","protected":false},"author":1,"featured_media":0,"parent":13,"menu_order":0,"comment_status":"open","ping_status":"closed","template":"","meta":{"_acf_changed":false,"footnotes":""},"class_list":["post-40","page","type-page","status-publish","hentry","nodate","item-wrap"],"acf":[],"_links":{"self":[{"href":"https:\/\/forumverdade.ufpr.br\/caminhosdaresistencia\/wp-json\/wp\/v2\/pages\/40","targetHints":{"allow":["GET"]}}],"collection":[{"href":"https:\/\/forumverdade.ufpr.br\/caminhosdaresistencia\/wp-json\/wp\/v2\/pages"}],"about":[{"href":"https:\/\/forumverdade.ufpr.br\/caminhosdaresistencia\/wp-json\/wp\/v2\/types\/page"}],"author":[{"embeddable":true,"href":"https:\/\/forumverdade.ufpr.br\/caminhosdaresistencia\/wp-json\/wp\/v2\/users\/1"}],"replies":[{"embeddable":true,"href":"https:\/\/forumverdade.ufpr.br\/caminhosdaresistencia\/wp-json\/wp\/v2\/comments?post=40"}],"version-history":[{"count":10,"href":"https:\/\/forumverdade.ufpr.br\/caminhosdaresistencia\/wp-json\/wp\/v2\/pages\/40\/revisions"}],"predecessor-version":[{"id":614,"href":"https:\/\/forumverdade.ufpr.br\/caminhosdaresistencia\/wp-json\/wp\/v2\/pages\/40\/revisions\/614"}],"up":[{"embeddable":true,"href":"https:\/\/forumverdade.ufpr.br\/caminhosdaresistencia\/wp-json\/wp\/v2\/pages\/13"}],"wp:attachment":[{"href":"https:\/\/forumverdade.ufpr.br\/caminhosdaresistencia\/wp-json\/wp\/v2\/media?parent=40"}],"curies":[{"name":"wp","href":"https:\/\/api.w.org\/{rel}","templated":true}]}}