{"id":38,"date":"2014-02-13T17:01:14","date_gmt":"2014-02-13T17:01:14","guid":{"rendered":"https:\/\/forumverdade.ufpr.br\/caminhosdaresistencia\/?page_id=38"},"modified":"2016-03-08T13:28:26","modified_gmt":"2016-03-08T13:28:26","slug":"igreja-nossa-senhora-de-guadalupe","status":"publish","type":"page","link":"https:\/\/forumverdade.ufpr.br\/caminhosdaresistencia\/a-resistencia\/igreja-nossa-senhora-de-guadalupe\/","title":{"rendered":"Igreja Nossa Senhora de Guadalupe"},"content":{"rendered":"<p>&nbsp;<\/p>\n<div id=\"attachment_381\" style=\"width: 393px\" class=\"wp-caption aligncenter\"><img fetchpriority=\"high\" decoding=\"async\" aria-describedby=\"caption-attachment-381\" class=\" wp-image-381 \" style=\"border: 0px;\" src=\"https:\/\/forumverdade.ufpr.br\/caminhosdaresistencia\/wp-content\/uploads\/sites\/5\/2014\/02\/Igreja-do-Guadalupe.jpg\" alt=\"Fachada da Igreja Nossa Senhora de Guadalupe em 2012. \u00c0 direita, folheto de 1979 chama ato pela anistia. Foto: Rodrigo Juste Duarte\" width=\"393\" height=\"592\" srcset=\"https:\/\/forumverdade.ufpr.br\/caminhosdaresistencia\/wp-content\/uploads\/sites\/5\/2014\/02\/Igreja-do-Guadalupe.jpg 683w, https:\/\/forumverdade.ufpr.br\/caminhosdaresistencia\/wp-content\/uploads\/sites\/5\/2014\/02\/Igreja-do-Guadalupe-199x300.jpg 199w, https:\/\/forumverdade.ufpr.br\/caminhosdaresistencia\/wp-content\/uploads\/sites\/5\/2014\/02\/Igreja-do-Guadalupe-679x1024.jpg 679w\" sizes=\"(max-width: 393px) 100vw, 393px\" \/><p id=\"caption-attachment-381\" class=\"wp-caption-text\">Fachada da Igreja Nossa Senhora de Guadalupe em 2012.Foto: Rodrigo Juste Duarte<\/p><\/div>\n<p>&nbsp;<\/p>\n<p style=\"text-align: left;\">Localiza\u00e7\u00e3o:\u00a0<em><strong>Pra\u00e7a Senador Correia, 128 &#8211; Centro<\/strong><\/em><\/p>\n<p style=\"text-align: left;\">As pastorais, comunidades eclesiais de base, algumas congrega\u00e7\u00f5es, bispos, padres e freiras adeptos da Teologia da Liberta\u00e7\u00e3o tiveram um papel marcante na luta contra a ditadura e pela redemocratiza\u00e7\u00e3o. Em Curitiba, a Igreja Nossa Senhora de Guadalupe abrigou in\u00fameras reuni\u00f5es e atos de entidades como o Comit\u00ea Brasileiro de Anistia, o movimento contra a carestia, os encontros preparat\u00f3rios da refunda\u00e7\u00e3o da Uni\u00e3o Brasileira de Estudantes Secundaristas-UBES e assembleias\u00a0 sindicais.<\/p>\n<div id=\"attachment_383\" style=\"width: 381px\" class=\"wp-caption aligncenter\"><img decoding=\"async\" aria-describedby=\"caption-attachment-383\" class=\" wp-image-383\" style=\"border: 0px;\" src=\"https:\/\/forumverdade.ufpr.br\/caminhosdaresistencia\/wp-content\/uploads\/sites\/5\/2014\/02\/GREJA-GUADALUPE.jpg\" alt=\"GREJA GUADALUPE\" width=\"381\" height=\"562\" srcset=\"https:\/\/forumverdade.ufpr.br\/caminhosdaresistencia\/wp-content\/uploads\/sites\/5\/2014\/02\/GREJA-GUADALUPE.jpg 850w, https:\/\/forumverdade.ufpr.br\/caminhosdaresistencia\/wp-content\/uploads\/sites\/5\/2014\/02\/GREJA-GUADALUPE-203x300.jpg 203w, https:\/\/forumverdade.ufpr.br\/caminhosdaresistencia\/wp-content\/uploads\/sites\/5\/2014\/02\/GREJA-GUADALUPE-693x1024.jpg 693w\" sizes=\"(max-width: 381px) 100vw, 381px\" \/><p id=\"caption-attachment-383\" class=\"wp-caption-text\">Folheto de 1979 chama ato pela anistia.<\/p><\/div>\n<p>&nbsp;<\/p>\n\n","protected":false},"excerpt":{"rendered":"<p>&nbsp; &nbsp; Localiza\u00e7\u00e3o:\u00a0Pra\u00e7a Senador Correia, 128 &#8211; Centro As pastorais, comunidades eclesiais de base, algumas congrega\u00e7\u00f5es, bispos, padres e freiras adeptos da Teologia da Liberta\u00e7\u00e3o tiveram um papel marcante na luta contra a ditadura e pela redemocratiza\u00e7\u00e3o. Em Curitiba, a Igreja Nossa Senhora de Guadalupe abrigou in\u00fameras reuni\u00f5es e atos de entidades como o Comit\u00ea &hellip; <\/p>\n<p><a class=\"more-link btn\" href=\"https:\/\/forumverdade.ufpr.br\/caminhosdaresistencia\/a-resistencia\/igreja-nossa-senhora-de-guadalupe\/\">Continue lendo<\/a><\/p>\n","protected":false},"author":1,"featured_media":0,"parent":13,"menu_order":0,"comment_status":"open","ping_status":"closed","template":"","meta":{"_acf_changed":false,"footnotes":""},"class_list":["post-38","page","type-page","status-publish","hentry","nodate","item-wrap"],"acf":[],"_links":{"self":[{"href":"https:\/\/forumverdade.ufpr.br\/caminhosdaresistencia\/wp-json\/wp\/v2\/pages\/38","targetHints":{"allow":["GET"]}}],"collection":[{"href":"https:\/\/forumverdade.ufpr.br\/caminhosdaresistencia\/wp-json\/wp\/v2\/pages"}],"about":[{"href":"https:\/\/forumverdade.ufpr.br\/caminhosdaresistencia\/wp-json\/wp\/v2\/types\/page"}],"author":[{"embeddable":true,"href":"https:\/\/forumverdade.ufpr.br\/caminhosdaresistencia\/wp-json\/wp\/v2\/users\/1"}],"replies":[{"embeddable":true,"href":"https:\/\/forumverdade.ufpr.br\/caminhosdaresistencia\/wp-json\/wp\/v2\/comments?post=38"}],"version-history":[{"count":12,"href":"https:\/\/forumverdade.ufpr.br\/caminhosdaresistencia\/wp-json\/wp\/v2\/pages\/38\/revisions"}],"predecessor-version":[{"id":683,"href":"https:\/\/forumverdade.ufpr.br\/caminhosdaresistencia\/wp-json\/wp\/v2\/pages\/38\/revisions\/683"}],"up":[{"embeddable":true,"href":"https:\/\/forumverdade.ufpr.br\/caminhosdaresistencia\/wp-json\/wp\/v2\/pages\/13"}],"wp:attachment":[{"href":"https:\/\/forumverdade.ufpr.br\/caminhosdaresistencia\/wp-json\/wp\/v2\/media?parent=38"}],"curies":[{"name":"wp","href":"https:\/\/api.w.org\/{rel}","templated":true}]}}