{"id":36,"date":"2014-02-13T17:00:46","date_gmt":"2014-02-13T17:00:46","guid":{"rendered":"https:\/\/forumverdade.ufpr.br\/caminhosdaresistencia\/?page_id=36"},"modified":"2016-03-08T13:27:20","modified_gmt":"2016-03-08T13:27:20","slug":"chacara-do-alemao","status":"publish","type":"page","link":"https:\/\/forumverdade.ufpr.br\/caminhosdaresistencia\/a-resistencia\/chacara-do-alemao\/","title":{"rendered":"Ch\u00e1cara do Alem\u00e3o"},"content":{"rendered":"<p>&nbsp;<\/p>\n<div id=\"attachment_447\" style=\"width: 493px\" class=\"wp-caption aligncenter\"><img fetchpriority=\"high\" decoding=\"async\" aria-describedby=\"caption-attachment-447\" class=\" wp-image-447 \" style=\"border: 0px;\" src=\"https:\/\/forumverdade.ufpr.br\/caminhosdaresistencia\/wp-content\/uploads\/sites\/5\/2014\/02\/Chacara-do-Alemao-1.jpg\" alt=\"Momento da pris\u00e3o dos militantes. Foto: Tribuna do Paran\u00e1\" width=\"493\" height=\"291\" srcset=\"https:\/\/forumverdade.ufpr.br\/caminhosdaresistencia\/wp-content\/uploads\/sites\/5\/2014\/02\/Chacara-do-Alemao-1.jpg 822w, https:\/\/forumverdade.ufpr.br\/caminhosdaresistencia\/wp-content\/uploads\/sites\/5\/2014\/02\/Chacara-do-Alemao-1-300x177.jpg 300w\" sizes=\"(max-width: 493px) 100vw, 493px\" \/><p id=\"caption-attachment-447\" class=\"wp-caption-text\">Momento da pris\u00e3o dos militantes. Foto: Tribuna do Paran\u00e1<\/p><\/div>\n<p>Localiza\u00e7\u00e3o:\u00a0<strong><i>Ch\u00e1cara do Alem\u00e3o- Boqueir\u00e3o<\/i><\/strong><\/p>\n<p>&nbsp;<\/p>\n<p>Depois do Congresso da Uni\u00e3o Nacional dos Estudantes-UNE em Ibi\u00fana (SP), violentamente impedido pelo Ex\u00e9rcito em outubro de 1968, a entidade ainda tentou organizar congressos regionais nos estados. Em Curitiba, o encontro foi marcado para 17 de dezembro, quatro dias depois do AI-5. \u00a0Para realizar o mini-congresso, que seria realizado na \u201cCh\u00e1cara do Alem\u00e3o\u201d, no bairro Boqueir\u00e3o, nas proximidades do Quartel, os estudantes realizaram um esquema para que o congresso fosse um sucesso. Todas as medidas foram tomadas para isso, como por exemplo o uso de senhas para que os integrantes da UNE vindos de outras localidades pudessem identificar seus condutores, quando fossem ao congresso no dia seguinte. Os que deveriam ser condutores diriam: \u201conde posso comprar entradas para o jogo de futebol ?\u201d, ao que os que deveriam ser conduzidos responderiam: \u201ca entrada \u00e9 franca. Estou indo para l\u00e1. Podemos ir !&#8221;<\/p>\n<p>Os \u00f3rg\u00e3os de seguran\u00e7a da capital, j\u00e1 sabiam da realiza\u00e7\u00e3o do mini congresso, e por volta das 11h30 do dia 17, um contingente da Pol\u00edcia Militar da Pol\u00edcia do Paran\u00e1 comandada pelo Capit\u00e3o Nelson Graecher e supervisionada pelo Coronel Altevir Lopes, dirigiram-se ao local da reuni\u00e3o e prenderam 42 pessoas que se encontravam no interior da Ch\u00e1cara, assim como em suas imedia\u00e7\u00f5es. Sendo que, dos 42 aprisionados, 15 foram condenados a pris\u00e3o, 13 rapazes e 2 mo\u00e7as em um dos processos instaurados. Os demais interrogados e liberados naquele momento. Os \u00f3rg\u00e3os queriam punir os principais l\u00edderes, as pessoas que estavam em evid\u00eancia, os integrantes de Diret\u00f3rios, de Centros Acad\u00eamicos, da UPE, etc.<\/p>\n<div id=\"attachment_450\" style=\"width: 595px\" class=\"wp-caption aligncenter\"><img decoding=\"async\" aria-describedby=\"caption-attachment-450\" class=\" wp-image-450 \" style=\"border: 0px;\" src=\"https:\/\/forumverdade.ufpr.br\/caminhosdaresistencia\/wp-content\/uploads\/sites\/5\/2014\/02\/Chacara-do-Alemao-2.jpg\" alt=\"&quot; Um Congresso Clandestino acaba assim&quot;, era a chamada do jornal Tribuna do Paran\u00e1. Foto: Arquivo Teresa Urban.\" width=\"595\" height=\"513\" srcset=\"https:\/\/forumverdade.ufpr.br\/caminhosdaresistencia\/wp-content\/uploads\/sites\/5\/2014\/02\/Chacara-do-Alemao-2.jpg 744w, https:\/\/forumverdade.ufpr.br\/caminhosdaresistencia\/wp-content\/uploads\/sites\/5\/2014\/02\/Chacara-do-Alemao-2-300x258.jpg 300w\" sizes=\"(max-width: 595px) 100vw, 595px\" \/><p id=\"caption-attachment-450\" class=\"wp-caption-text\">&#8221; Um Congresso Clandestino acaba assim&#8221;, era a chamada do jornal Tribuna do Paran\u00e1. Foto: Arquivo Teresa Urban.<\/p><\/div>\n<p style=\"text-align: left;\">Foram apreendidos junto aos congressistas uma caixa de fogos de artif\u00edcio, faca de cozinha (classificada como arma branca pelos militares) e \u00a0textos que os \u00f3rg\u00e3os de seguran\u00e7a e a imprensa chamaram de \u201csubversivos\u201d, cujos t\u00edtulos eram: \u201cCarta Pol\u00edtica da Chapa Nova UNE( gest\u00e3o 68\/69)\u201d, \u201cAnte-projeto de Carta Pol\u00edtica para a UNE\u201d, \u201cDefender a UNE e realizar vigorosas a\u00e7\u00f5es de massas\u201d, \u201cContribui\u00e7\u00e3o ao XXX Congresso da UNE\u201d, \u201cUma nova dire\u00e7\u00e3o para a UNE\u201d, \u201cPelo XXX Congresso da UNE\u201d, \u201cO que \u00e9 este governo?\u201d, Movimento Estudantil em nossa Sociedade\u201d,Subs\u00eddios para a discuss\u00e3o da Universidade Cr\u00edtica\u201d.<\/p>\n<p>Os 15 estudantes (Ant\u00f4nio Jo\u00e3o M\u00e2nfio, Vit\u00f3rio Sorotiuk, Charles Champion Junior (falecido em 2012), Mauro Daisson Otero Goulart (falecido h\u00e1 12 anos), Dacio Villar, Celso Mauro Paciornik, Berto Luiz Curvo, Helio Urnau, Marco Apolo dos Santos Silva, Jo\u00e3o Bonif\u00e1cio Cabral Junior, Iran Vieira Dias (nome verdadeiro Jo\u00e3o de Paulo do Cear\u00e1), Marco Antonio Nascimento Pereira, Elisabeth Franco Fortes, Judith Maria Barbosa e Mario Oba) passaram a noite sendo submetidos a interrogat\u00f3rios individuais por policiais. Desse momento em diante, come\u00e7ou a tramitar na Auditoria da 5\u00aa Regi\u00e3o Militar o IPM (Inqu\u00e9rito Policial Militar) n\u00ba 477, no qual posteriormente foram os estudantes julgados por um Conselho, como prisioneiros de guerra e condenados.<\/p>\n<p>&nbsp;<\/p>\n<p><strong>Depoimentos de alguns presos na Ch\u00e1cara do Alem\u00e3o\u00a0 \u00e0 historiadora Angela Alves Machado.<\/strong><\/p>\n<p>&nbsp;<\/p>\n<p><em>\u00a0(&#8230;) fui visitar minha fam\u00edlia, eu n\u00e3o lembrava de nomes de irm\u00e3os meus, por exemplo, aquela possibilidade de voc\u00ea vir a ser torturado,\u00a0 o desejo que a gente tinha de n\u00e3o denunciar ningu\u00e9m, eu acabei atrofiando tanto a minha mem\u00f3ria, que eu cheguei ao limite de n\u00e3o lembrar de nomes de irm\u00e3os meus, de estar falando com uma pessoa e falar tr\u00eas frases e n\u00e3o lembrar da primeira (&#8230;) <\/em><em>(Ant\u00f4nio Jos\u00e9 M\u00e2nfio).<\/em><\/p>\n<p><em>\u00a0\u201c(&#8230;) a gente vivia uma esp\u00e9cie de ecumenismo, a gente vivia o respeito \u00e0 pluralidade, e isso enriquecia todo mundo, eu principalmente, me enriqueci muito, porque, eu passei ao longo da conviv\u00eancia, a conhecer mais profundamente as op\u00e7\u00f5es das pessoas, a respeitar as op\u00e7\u00f5es das pessoas, a ser mais tolerante\u201d. (Ant\u00f4nio Jos\u00e9 M\u00e2nfio).<\/em><\/p>\n<p><em>&#8220;Faziam-se planos, muita gin\u00e1stica para manter o vigor f\u00edsico, muita discuss\u00e3o, muita leitura, uma vida bem regrada, bem disciplinada, criada justamente para manter o moral do pessoal, quando algu\u00e9m desanimava, sempre tinha algu\u00e9m l\u00e1 para consolar esta pessoa, para dar uma palavra de apoio, e por sinal solidariedade se torna uma das coisas mais caras dentro do pres\u00eddio. Se criou uma rede de solidariedade muito bonita, que ditadura alguma conseguiu acabar\u201d. (Judith Maria Barbosa)<\/em><\/p>\n<p><em>\u00a0\u201cA gente tomava banho e se preparava para ir comer, para andar cem metros at\u00e9 o refeit\u00f3rio, descia uma escada e andava um corredor, nos prepar\u00e1vamos, pente\u00e1vamos o cabelo, coloc\u00e1vamos roupas limpas, dentro do poss\u00edvel nos embelez\u00e1vamos, para ir encontrar nossos amigos\u201d. (Judith Maria Barbosa)\u00a0 <\/em><\/p>\n<p style=\"text-align: center;\"><strong><br \/>\n<\/strong><\/p>\n<p>&nbsp;<\/p>\n<div id=\"attachment_452\" style=\"width: 604px\" class=\"wp-caption aligncenter\"><img decoding=\"async\" aria-describedby=\"caption-attachment-452\" class=\" wp-image-452\" style=\"border: 0px;\" src=\"https:\/\/forumverdade.ufpr.br\/caminhosdaresistencia\/wp-content\/uploads\/sites\/5\/2014\/02\/Chacara-do-Alemao-3.jpg\" alt=\"Jornal Tribuna do Paran\u00e1. Foto: Arquivo Teresa Urban.\" width=\"604\" height=\"531\" srcset=\"https:\/\/forumverdade.ufpr.br\/caminhosdaresistencia\/wp-content\/uploads\/sites\/5\/2014\/02\/Chacara-do-Alemao-3.jpg 755w, https:\/\/forumverdade.ufpr.br\/caminhosdaresistencia\/wp-content\/uploads\/sites\/5\/2014\/02\/Chacara-do-Alemao-3-300x263.jpg 300w\" sizes=\"(max-width: 604px) 100vw, 604px\" \/><p id=\"caption-attachment-452\" class=\"wp-caption-text\">Jornal Tribuna do Paran\u00e1. Foto: Arquivo Teresa Urban.<\/p><\/div>\n<p>&nbsp;<\/p>\n<p style=\"text-align: center;\"><span style=\"color: #993300;\"><strong>Manc<\/strong><strong>hete da Tribuna do Paran\u00e1<\/strong><\/span><\/p>\n<p>&nbsp;<\/p>\n<p style=\"text-align: left;\"><span style=\"color: #993300;\"><em>\u00a0Quatrocentos homens da Pol\u00edcia Militar e do Corpo de Opera\u00e7\u00f5es Especiais \u201cestouraram\u201d ontem pela manh\u00e3, em uma ch\u00e1cara do Boqueir\u00e3o um congresso ilegal da extinta UNE. As autoridades souberam do encontro, e as tropas deslocaram &#8211; se ao local em caminh<\/em><em>\u00f5es frigor\u00edficos, que despistaram a vigil\u00e2ncia de \u201colheiros\u201d surpreendendo os estudantes, e realizando sua deten\u00e7\u00e3o, sem maiores incidentes<\/em>.<\/span><\/p>\n<p style=\"text-align: left;\"><span style=\"color: #993300;\"><i>(<\/i>Tribuna do Paran\u00e1, 18\/12\/68, Pasta 2314, DOPS \u2013 PR).<\/span><\/p>\n<p style=\"text-align: center;\"><iframe src=\"https:\/\/www.youtube.com\/embed\/_eRooIkZZ84\" width=\"420\" height=\"315\" frameborder=\"0\" allowfullscreen=\"allowfullscreen\"><\/iframe><\/p>\n<div id=\"watch-uploader-info\" style=\"text-align: center;\"><strong class=\"watch-time-text\">V\u00eddeo publicado em 9 de nov de 2012<\/strong><\/div>\n<div id=\"watch-description-text\" class=\"\">\n<p id=\"eow-description\">Julgamento em 1969 de l\u00edderes estudantis que foram presos na &#8220;Ch\u00e1cara do Alem\u00e3o&#8221;, no bairro do Boqueir\u00e3o, em Curitiba no m\u00eas de dezembro de 1968. Na \u00e9poca, eles participavam de um congresso regional da UNE &#8211; Uni\u00e3o Nacional dos Estudantes, que era uma atividade realizada com o prop\u00f3sito de continuar as discuss\u00f5es do XXX Congresso da UNE em Ibi\u00fana-SP, interrompido pela pol\u00edcia em a\u00e7\u00e3o repressora, que resultou na pris\u00e3o de mais de 700 estudantes em outubro de 1968. Tamb\u00e9m \u00e9 poss\u00edvel ver imagens desses estudantes no refeit\u00f3rio do pres\u00eddio do Ah\u00fa, logo ap\u00f3s a pris\u00e3o.<\/p>\n<\/div>\n","protected":false},"excerpt":{"rendered":"<p>&nbsp; Localiza\u00e7\u00e3o:\u00a0Ch\u00e1cara do Alem\u00e3o- Boqueir\u00e3o &nbsp; Depois do Congresso da Uni\u00e3o Nacional dos Estudantes-UNE em Ibi\u00fana (SP), violentamente impedido pelo Ex\u00e9rcito em outubro de 1968, a entidade ainda tentou organizar congressos regionais nos estados. Em Curitiba, o encontro foi marcado para 17 de dezembro, quatro dias depois do AI-5. \u00a0Para realizar o mini-congresso, que seria &hellip; <\/p>\n<p><a class=\"more-link btn\" href=\"https:\/\/forumverdade.ufpr.br\/caminhosdaresistencia\/a-resistencia\/chacara-do-alemao\/\">Continue lendo<\/a><\/p>\n","protected":false},"author":1,"featured_media":0,"parent":13,"menu_order":0,"comment_status":"open","ping_status":"closed","template":"","meta":{"_acf_changed":false,"footnotes":""},"class_list":["post-36","page","type-page","status-publish","hentry","nodate","item-wrap"],"acf":[],"_links":{"self":[{"href":"https:\/\/forumverdade.ufpr.br\/caminhosdaresistencia\/wp-json\/wp\/v2\/pages\/36","targetHints":{"allow":["GET"]}}],"collection":[{"href":"https:\/\/forumverdade.ufpr.br\/caminhosdaresistencia\/wp-json\/wp\/v2\/pages"}],"about":[{"href":"https:\/\/forumverdade.ufpr.br\/caminhosdaresistencia\/wp-json\/wp\/v2\/types\/page"}],"author":[{"embeddable":true,"href":"https:\/\/forumverdade.ufpr.br\/caminhosdaresistencia\/wp-json\/wp\/v2\/users\/1"}],"replies":[{"embeddable":true,"href":"https:\/\/forumverdade.ufpr.br\/caminhosdaresistencia\/wp-json\/wp\/v2\/comments?post=36"}],"version-history":[{"count":21,"href":"https:\/\/forumverdade.ufpr.br\/caminhosdaresistencia\/wp-json\/wp\/v2\/pages\/36\/revisions"}],"predecessor-version":[{"id":686,"href":"https:\/\/forumverdade.ufpr.br\/caminhosdaresistencia\/wp-json\/wp\/v2\/pages\/36\/revisions\/686"}],"up":[{"embeddable":true,"href":"https:\/\/forumverdade.ufpr.br\/caminhosdaresistencia\/wp-json\/wp\/v2\/pages\/13"}],"wp:attachment":[{"href":"https:\/\/forumverdade.ufpr.br\/caminhosdaresistencia\/wp-json\/wp\/v2\/media?parent=36"}],"curies":[{"name":"wp","href":"https:\/\/api.w.org\/{rel}","templated":true}]}}