{"id":23,"date":"2014-02-13T16:31:39","date_gmt":"2014-02-13T16:31:39","guid":{"rendered":"https:\/\/forumverdade.ufpr.br\/caminhosdaresistencia\/?page_id=23"},"modified":"2016-03-07T19:41:19","modified_gmt":"2016-03-07T19:41:19","slug":"uniao-paranaense-de-estudantes-upe","status":"publish","type":"page","link":"https:\/\/forumverdade.ufpr.br\/caminhosdaresistencia\/uniao-paranaense-de-estudantes-upe\/","title":{"rendered":"Uni\u00e3o Paranaense de Estudantes &#8211; UPE"},"content":{"rendered":"<p>&nbsp;<\/p>\n<div id=\"attachment_404\" style=\"width: 437px\" class=\"wp-caption aligncenter\"><img fetchpriority=\"high\" decoding=\"async\" aria-describedby=\"caption-attachment-404\" class=\" wp-image-404 \" style=\"border: 0px;\" src=\"https:\/\/forumverdade.ufpr.br\/caminhosdaresistencia\/wp-content\/uploads\/sites\/5\/2014\/02\/UPE-Uni\u00e3o-Paranaense-dos-Estudantes1821.jpg\" alt=\"Pal\u00e1cio dos Estudantes , pr\u00e9dio hist\u00f3rico da UPE Foto: Rodrigo Juste Duarte\" width=\"437\" height=\"658\" srcset=\"https:\/\/forumverdade.ufpr.br\/caminhosdaresistencia\/wp-content\/uploads\/sites\/5\/2014\/02\/UPE-Uni\u00e3o-Paranaense-dos-Estudantes1821.jpg 683w, https:\/\/forumverdade.ufpr.br\/caminhosdaresistencia\/wp-content\/uploads\/sites\/5\/2014\/02\/UPE-Uni\u00e3o-Paranaense-dos-Estudantes1821-199x300.jpg 199w, https:\/\/forumverdade.ufpr.br\/caminhosdaresistencia\/wp-content\/uploads\/sites\/5\/2014\/02\/UPE-Uni\u00e3o-Paranaense-dos-Estudantes1821-679x1024.jpg 679w\" sizes=\"(max-width: 437px) 100vw, 437px\" \/><p id=\"caption-attachment-404\" class=\"wp-caption-text\">Pal\u00e1cio dos Estudantes , pr\u00e9dio hist\u00f3rico da UPE<br \/>Foto: Rodrigo Juste Duarte<\/p><\/div>\n<p><em><strong>Localiza\u00e7\u00e3o: Rua Carlos Cavalcanti, 1157- Centro<\/strong><\/em><\/p>\n<p>[break][\/break]<\/p>\n<p>A <a href=\"http:\/\/upepr.blogspot.com.br\/\" target=\"_blank\">UPE &#8211; Uni\u00e3o Paranaense de Estudantes<\/a> foi fundada em 1938 e tem em seu hist\u00f3rico lutas grandiosas,como a campanha \u201cO petr\u00f3leo \u00e9 nosso\u201d, na d\u00e9cada de 50. Com o golpe militar de 1964 e principalmente ap\u00f3s 1966, quando passa a ser dirigida por correntes de esquerda, a UPE organiza os estudantes na luta pela\u00a0educa\u00e7\u00e3o p\u00fablica e pela democracia. Com o Ato Institucional n\u00ba 5, de 13 de dezembro de 1968, a entidade \u00e9 fechada. Volta, por\u00e9m, com toda a for\u00e7a no processo de redemocratiza\u00e7\u00e3o, tendo tido papel muito importante na campanha das Diretas-j\u00e1. Na legalidade, a UPE reconquista sua sede hist\u00f3rica, o Pal\u00e1cio dos Estudantes.<\/p>\n<div id=\"attachment_416\" style=\"width: 546px\" class=\"wp-caption aligncenter\"><img decoding=\"async\" aria-describedby=\"caption-attachment-416\" class=\" wp-image-416 \" style=\"border: 0px;\" src=\"https:\/\/forumverdade.ufpr.br\/caminhosdaresistencia\/wp-content\/uploads\/sites\/5\/2014\/02\/UPE-atos-2.jpg\" alt=\"Estudantes liderados pela UPE, em manifesta\u00e7\u00e3o em frente \u00e0 Biblioteca P\u00fablica do Paran\u00e1. Foto: Arquivo P\u00fablico do Paran\u00e1.\" width=\"546\" height=\"351\" srcset=\"https:\/\/forumverdade.ufpr.br\/caminhosdaresistencia\/wp-content\/uploads\/sites\/5\/2014\/02\/UPE-atos-2.jpg 709w, https:\/\/forumverdade.ufpr.br\/caminhosdaresistencia\/wp-content\/uploads\/sites\/5\/2014\/02\/UPE-atos-2-300x192.jpg 300w\" sizes=\"(max-width: 546px) 100vw, 546px\" \/><p id=\"caption-attachment-416\" class=\"wp-caption-text\">Estudantes liderados pela UPE, em manifesta\u00e7\u00e3o em frente \u00e0 Biblioteca P\u00fablica do Paran\u00e1.<br \/>Foto: Arquivo P\u00fablico do Paran\u00e1.<\/p><\/div>\n<div id=\"attachment_417\" style=\"width: 567px\" class=\"wp-caption aligncenter\"><img decoding=\"async\" aria-describedby=\"caption-attachment-417\" class=\" wp-image-417 \" style=\"border: 0px;\" src=\"https:\/\/forumverdade.ufpr.br\/caminhosdaresistencia\/wp-content\/uploads\/sites\/5\/2014\/02\/UPE-atos-1.jpg\" alt=\"Pol\u00edcia reprime estudantes no centro de Curitiba. Foto: Arquivo P\u00fablico do Paran\u00e1.\" width=\"567\" height=\"359\" srcset=\"https:\/\/forumverdade.ufpr.br\/caminhosdaresistencia\/wp-content\/uploads\/sites\/5\/2014\/02\/UPE-atos-1.jpg 709w, https:\/\/forumverdade.ufpr.br\/caminhosdaresistencia\/wp-content\/uploads\/sites\/5\/2014\/02\/UPE-atos-1-300x189.jpg 300w\" sizes=\"(max-width: 567px) 100vw, 567px\" \/><p id=\"caption-attachment-417\" class=\"wp-caption-text\">Pol\u00edcia reprime estudantes no centro de Curitiba.<br \/>Foto: Arquivo P\u00fablico do Paran\u00e1.<\/p><\/div>\n<p>&nbsp;<\/p>\n<hr style=\"width: 600px;\" width=\"600\" \/>\n<p>&nbsp;<\/p>\n<p>&nbsp;<\/p>\n<p>&nbsp;<\/p>\n<p>&nbsp;<\/p>\n<div><span style=\"color: #800000;\"><span style=\"text-decoration: underline;\"><strong>Hist\u00f3rico<\/strong><\/span>:<\/span><\/div>\n<div><\/div>\n<div><\/div>\n<div>No dia 16 de setembro de 1939 \u00e9 fundada a U.E.E. (Uni\u00e3o Estadual dos Estudantes) do Paran\u00e1. A primeira diretoria foi composta por: Presidente: Ra\u00fal Bruel; Vice: Reinaldo Maciel; Secret\u00e1rios: Alcir Nacife, L\u00edcio Veloso, En\u00e9as M. Queiroz; Tesoureiros: Alceu Gris\u00f3lia, Jo\u00e3o S. da Rosa; Oradores: Pery Barreto e Dilermando, Bibliotec\u00e1rio: Carlos Osternack.<\/div>\n<div>A UEE surgiu, com o compromisso de canalizar o debate sobre as quest\u00f5es da educa\u00e7\u00e3o, servir de p\u00f3lo aglutinador das lutas estudantis, e com a incumb\u00eancia de fortalecer e ampliar a rede do movimento. Como faz at\u00e9 os dias de hoje.<\/div>\n<div>Desde a sua funda\u00e7\u00e3o at\u00e9 a gest\u00e3o de 1942-43, as diretorias foram eleitas na realiza\u00e7\u00e3o de reuni\u00e3o. Em 1943 aconteceu o I Congresso, com o objetivo de discutir e deliberar sobre assuntos de interesse da UEE e tamb\u00e9m de eleger a nova diretoria. Esse mecanismo de elei\u00e7\u00e3o manteve-se at\u00e9 a extin\u00e7\u00e3o da entidade na \u00e9poca da ditadura.<\/div>\n<div><\/div>\n<div><\/div>\n<div><\/div>\n<div>\u00a0[break][\/break]<\/div>\n<div><b><span style=\"text-decoration: underline;\">O Petr\u00f3leo \u00e9 nosso!<\/span><\/b><\/div>\n<div><\/div>\n<div>J\u00e1 como UPE (Uni\u00e3o Paranaense dos Estudantes), sem sombra de d\u00favida um dos momentos mais importantes desses setenta anos, ocorreu no final da d\u00e9cada 40 e in\u00edcio dos anos 50. Em 1947, aconteceram os primeiros passos, os primeiros momentos da campanha O PETR\u00d3LEO \u00c9 NOSSO, no Paran\u00e1.<\/div>\n<div>Houve v\u00e1rios debates, palestras e publica\u00e7\u00f5es sobre o tema. Na revista Paran\u00e1 Universit\u00e1rio e no jornal Fl\u00e2mula, publica\u00e7\u00f5es da UPE, era poss\u00edvel acompanhar em todas as edi\u00e7\u00f5es que circularam os artigos e o envolvimento da entidade na defesa da campanha.<\/div>\n<div><\/div>\n<div><\/div>\n<div><\/div>\n<div>\u00a0[break][\/break]<\/div>\n<div><b><span style=\"text-decoration: underline;\">Extin\u00e7\u00e3o da UPE<\/span><\/b><\/div>\n<div><\/div>\n<div>No ano de 64 ocorreu o Ato Institucional n\u00ba 1. A partir desse fato, iniciou-se por parte dos movimentos sociais (em especial do movimento estudantil), todo um processo de critica, em rela\u00e7\u00e3o \u00e0s restri\u00e7\u00f5es que estavam ocorrendo.<\/div>\n<div>Com o passar do tempo, a ditadura militar foi cada vez mais restringindo os direitos individuais e coletivos dos brasileiros. Conseq\u00fcentemente, as cr\u00edticas e a resist\u00eancia tamb\u00e9m foram aumentando. Materiais ap\u00f3crifos ou n\u00e3o, manifesta\u00e7\u00f5es e passeatas, j\u00e1 faziam parte da rotina dos estudantes.<\/div>\n<div><\/div>\n<div>No dia primeiro de abril de 1968, era lan\u00e7ado o Ato Institucional n\u00ba 4, que dentre outras medidas arbitrarias decretava a extin\u00e7\u00e3o da UNE e das demais entidades estaduais de estudantes.<\/div>\n<div>Com isso, no dia 14 de junho de 1968 o Minist\u00e9rio P\u00fablico Federal, moveu uma a\u00e7\u00e3o de dissolu\u00e7\u00e3o e liquida\u00e7\u00e3o de sociedade da UPE, com a justificativa (al\u00e9m do decreto presidencial), de que a entidade havia contra\u00eddo d\u00edvidas, com fornecedores e ex-funcion\u00e1rios.<\/div>\n<div>No processo de dissolu\u00e7\u00e3o de mais 600 p\u00e1ginas, ficou determinado que todo o seu patrim\u00f4nio, ap\u00f3s liquidar as pend\u00eancias, seria repassado a UFPR.<\/div>\n<div><\/div>\n<div><\/div>\n<div><\/div>\n<div>\u00a0[break][\/break]<\/div>\n<div><b><span style=\"text-decoration: underline;\">Reconstru\u00e7\u00e3o nos anos 80<\/span><\/b><\/div>\n<div><\/div>\n<div><b><\/b>Com a reorganiza\u00e7\u00e3o da UNE, desencadeou o processo de reestrutura\u00e7\u00e3o de v\u00e1rias entidades pelo pa\u00eds afora, com a UPE n\u00e3o foi diferente. O congresso elegeu como o primeiro Presidente ap\u00f3s ditadura, o acad\u00eamico Vicente Palhares ligado ao grupo Vira\u00e7\u00e3o.<\/div>\n<div><\/div>\n<div><\/div>\n<div><\/div>\n<div>\u00a0[break][\/break]<\/div>\n<div><b><span style=\"text-decoration: underline;\">Pal\u00e1cio dos Estudantes<\/span><\/b><\/div>\n<div><\/div>\n<div><b><\/b>No come\u00e7o, a sede da entidade funcionava como local para a diretoria se reunir e deliberar sobre as quest\u00f5es da gest\u00e3o. Com o passar do tempo, as diretorias perceberam que poderiam oferecer benef\u00edcios para os acad\u00eamicos. Adotaram ainda na d\u00e9cada de 40, a l\u00f3gica de sede para presta\u00e7\u00e3o de servi\u00e7os. Para isso, era preciso parceiros e necessitava de um espa\u00e7o f\u00edsico.<\/div>\n<div>\u00a0Viabilizaram uma sede com espa\u00e7o adequado, programaram atendimento dent\u00e1rio, surgiu nesse per\u00edodo o R.U. &#8211; Restaurante Universit\u00e1rio da UPE, al\u00e9m outros servi\u00e7os. Claramente nessa fase, o centro de a\u00e7\u00e3o da entidade era assistencial.<\/div>\n<div>Em 1958, o ex-casar\u00e3o do senhor Benjamin Lins de Albuquerque, torna-se sede pr\u00f3pria da UPE. Al\u00e9m do Restaurante a sede transformou-se em palco para manifesta\u00e7\u00f5es art\u00edsticas e culturais do movimento. Com a ditadura, a sede foi tomada pelo governo, e s\u00f3 recuperada em 1983, no ent\u00e3o governo Jos\u00e9 Richa, mas em forma de comodato, que perdura at\u00e9 os dias de hoje.<\/div>\n<div>Com o passar do tempo o pr\u00e9dio foi se deteriorando, precisando urgentemente de uma ampla reforma. Na gest\u00e3o do Joel Benin 1997-99, foi poss\u00edvel viabilizar atrav\u00e9s de parcerias, o restauro e toda a reforma do Casar\u00e3o. Parecia que o mais dif\u00edcil havia acontecido, quando no t\u00e9rmino da reforma, houve um racha na UPE, e logo depois aconteceu um congresso golpista no in\u00edcio de 2001, que impossibilitou temporariamente a reutiliza\u00e7\u00e3o da sede.<\/div>\n<div>Ainda assim, com todas essas dificuldades, mais uma vez a Uni\u00e3o Paranaense dos Estudantes, teve for\u00e7a e determina\u00e7\u00e3o diante da adversidade. Reunificou a entidade e retomou o Casar\u00e3o dos estudantes.<\/div>\n<div><\/div>\n<div><\/div>\n<div><\/div>\n<div>\u00a0[break][\/break]<\/div>\n<div>Fonte: <a href=\"http:\/\/upepr.blogspot.com.br\/p\/historia-upe.html\" target=\"_blank\">UPE &#8211; Unip\u00e3o Paranaense dos Estudantes<\/a><\/div>\n<div><\/div>\n<p><small><\/small><\/p>\n","protected":false},"excerpt":{"rendered":"<p>&nbsp; Localiza\u00e7\u00e3o: Rua Carlos Cavalcanti, 1157- Centro [break][\/break] A UPE &#8211; Uni\u00e3o Paranaense de Estudantes foi fundada em 1938 e tem em seu hist\u00f3rico lutas grandiosas,como a campanha \u201cO petr\u00f3leo \u00e9 nosso\u201d, na d\u00e9cada de 50. Com o golpe militar de 1964 e principalmente ap\u00f3s 1966, quando passa a ser dirigida por correntes de esquerda, &hellip; <\/p>\n<p><a class=\"more-link btn\" href=\"https:\/\/forumverdade.ufpr.br\/caminhosdaresistencia\/uniao-paranaense-de-estudantes-upe\/\">Continue lendo<\/a><\/p>\n","protected":false},"author":1,"featured_media":0,"parent":0,"menu_order":0,"comment_status":"open","ping_status":"open","template":"","meta":{"_acf_changed":false,"footnotes":""},"class_list":["post-23","page","type-page","status-publish","hentry","nodate","item-wrap"],"acf":[],"_links":{"self":[{"href":"https:\/\/forumverdade.ufpr.br\/caminhosdaresistencia\/wp-json\/wp\/v2\/pages\/23","targetHints":{"allow":["GET"]}}],"collection":[{"href":"https:\/\/forumverdade.ufpr.br\/caminhosdaresistencia\/wp-json\/wp\/v2\/pages"}],"about":[{"href":"https:\/\/forumverdade.ufpr.br\/caminhosdaresistencia\/wp-json\/wp\/v2\/types\/page"}],"author":[{"embeddable":true,"href":"https:\/\/forumverdade.ufpr.br\/caminhosdaresistencia\/wp-json\/wp\/v2\/users\/1"}],"replies":[{"embeddable":true,"href":"https:\/\/forumverdade.ufpr.br\/caminhosdaresistencia\/wp-json\/wp\/v2\/comments?post=23"}],"version-history":[{"count":22,"href":"https:\/\/forumverdade.ufpr.br\/caminhosdaresistencia\/wp-json\/wp\/v2\/pages\/23\/revisions"}],"predecessor-version":[{"id":680,"href":"https:\/\/forumverdade.ufpr.br\/caminhosdaresistencia\/wp-json\/wp\/v2\/pages\/23\/revisions\/680"}],"wp:attachment":[{"href":"https:\/\/forumverdade.ufpr.br\/caminhosdaresistencia\/wp-json\/wp\/v2\/media?parent=23"}],"curies":[{"name":"wp","href":"https:\/\/api.w.org\/{rel}","templated":true}]}}