{"id":21,"date":"2014-02-13T16:31:00","date_gmt":"2014-02-13T16:31:00","guid":{"rendered":"https:\/\/forumverdade.ufpr.br\/caminhosdaresistencia\/?page_id=21"},"modified":"2016-03-08T13:33:25","modified_gmt":"2016-03-08T13:33:25","slug":"predio-historico-da-ufpr-praca-santos-andrade","status":"publish","type":"page","link":"https:\/\/forumverdade.ufpr.br\/caminhosdaresistencia\/a-resistencia\/predio-historico-da-ufpr-praca-santos-andrade\/","title":{"rendered":"Pr\u00e9dio Hist\u00f3rico da UFPR &#8211; Pra\u00e7a Santos Andrade"},"content":{"rendered":"<div id=\"attachment_353\" style=\"width: 563px\" class=\"wp-caption aligncenter\"><img fetchpriority=\"high\" decoding=\"async\" aria-describedby=\"caption-attachment-353\" class=\" wp-image-353 \" style=\"border: 0px;\" src=\"https:\/\/forumverdade.ufpr.br\/caminhosdaresistencia\/wp-content\/uploads\/sites\/5\/2014\/02\/UFPR_Santos_Andrade_-_Rodrigo_Juste_Duarte_834.jpg\" alt=\"UFPR - Pr\u00e9dio Hist\u00f3rico - Pra\u00e7a Santos Andrade -Rodrigo Juste Duarte\" width=\"563\" height=\"378\" srcset=\"https:\/\/forumverdade.ufpr.br\/caminhosdaresistencia\/wp-content\/uploads\/sites\/5\/2014\/02\/UFPR_Santos_Andrade_-_Rodrigo_Juste_Duarte_834.jpg 695w, https:\/\/forumverdade.ufpr.br\/caminhosdaresistencia\/wp-content\/uploads\/sites\/5\/2014\/02\/UFPR_Santos_Andrade_-_Rodrigo_Juste_Duarte_834-300x201.jpg 300w\" sizes=\"(max-width: 563px) 100vw, 563px\" \/><p id=\"caption-attachment-353\" class=\"wp-caption-text\">UFPR &#8211; Pr\u00e9dio Hist\u00f3rico &#8211; Pra\u00e7a Santos Andrade -Rodrigo Juste Duarte<\/p><\/div>\n<p><em><strong>Localiza\u00e7\u00e3o: Pra\u00e7a Santos Andrade &#8211; Centro<\/strong><\/em><\/p>\n<p>&nbsp;<\/p>\n<p>Na pra\u00e7a fica o pr\u00e9dio hist\u00f3rico da UFPR, onde funciona o curso de Ci\u00eancias Jur\u00eddicas. Sua localiza\u00e7\u00e3o privilegiada, o grande espa\u00e7o e as escadarias da UFPR fizeram com que a pra\u00e7a se tornasse o ponto de partida de memor\u00e1veis manifesta\u00e7\u00f5es e passeatas, principalmente a partir de 1975, quando ganharam as ruas os movimentos pela anistia.<\/p>\n<p style=\"text-align: center;\"><img decoding=\"async\" class=\"aligncenter wp-image-354\" src=\"https:\/\/forumverdade.ufpr.br\/caminhosdaresistencia\/wp-content\/uploads\/sites\/5\/2014\/02\/Santos-Andrade.jpg\" alt=\"Santos Andrade\" width=\"583\" height=\"439\" srcset=\"https:\/\/forumverdade.ufpr.br\/caminhosdaresistencia\/wp-content\/uploads\/sites\/5\/2014\/02\/Santos-Andrade.jpg 757w, https:\/\/forumverdade.ufpr.br\/caminhosdaresistencia\/wp-content\/uploads\/sites\/5\/2014\/02\/Santos-Andrade-300x225.jpg 300w\" sizes=\"(max-width: 583px) 100vw, 583px\" \/><\/p>\n<p>A ditadura j\u00e1 se foi h\u00e1 quase 30 anos, mas a pra\u00e7a continua como principal local e concentra\u00e7\u00e3o dos movimentos, que geralmente terminam na Boca Maldita.<\/p>\n<p>&nbsp;<\/p>\n<hr \/>\n<p>&nbsp;<br \/>\n&nbsp;<br \/>\n&nbsp;<\/p>\n<p style=\"text-align: center;\"><span class=\"wp-easy-gallery\"><a onclick=\"var images=['https:\/\/forumverdade.ufpr.br\/caminhosdaresistencia\/wp-content\/uploads\/sites\/5\/2014\/02\/UFPR-Praca-Santos-Andrade-1940.jpg', 'https:\/\/forumverdade.ufpr.br\/caminhosdaresistencia\/wp-content\/uploads\/sites\/5\/2014\/02\/stos-andade-baloes-620.jpg', 'https:\/\/forumverdade.ufpr.br\/caminhosdaresistencia\/wp-content\/uploads\/sites\/5\/2014\/02\/tn_620_600_pec37_88.jpg', 'https:\/\/forumverdade.ufpr.br\/caminhosdaresistencia\/wp-content\/uploads\/sites\/5\/2014\/02\/DSC07242-1024x768.jpg', 'https:\/\/forumverdade.ufpr.br\/caminhosdaresistencia\/wp-content\/uploads\/sites\/5\/2014\/02\/AtoUBM2_0mar10.jpg', 'https:\/\/forumverdade.ufpr.br\/caminhosdaresistencia\/wp-content\/uploads\/sites\/5\/2014\/02\/102_0077.jpg', 'https:\/\/forumverdade.ufpr.br\/caminhosdaresistencia\/wp-content\/uploads\/sites\/5\/2014\/02\/DSC06146_tratada-copy-1024x768.jpg', 'https:\/\/forumverdade.ufpr.br\/caminhosdaresistencia\/wp-content\/uploads\/sites\/5\/2014\/02\/noticia_412504_img1_8-f1.jpg', 'https:\/\/forumverdade.ufpr.br\/caminhosdaresistencia\/wp-content\/uploads\/sites\/5\/2014\/02\/nova_imagem1.jpg', 'https:\/\/forumverdade.ufpr.br\/caminhosdaresistencia\/wp-content\/uploads\/sites\/5\/2014\/02\/protesto11.jpg', 'https:\/\/forumverdade.ufpr.br\/caminhosdaresistencia\/wp-content\/uploads\/sites\/5\/2014\/02\/tn_600_430_protestoprofessoresJC.jpg', 'https:\/\/forumverdade.ufpr.br\/caminhosdaresistencia\/wp-content\/uploads\/sites\/5\/2014\/02\/EVERLONG-GOSKATEDAY-CURITIBA.jpg', 'https:\/\/forumverdade.ufpr.br\/caminhosdaresistencia\/wp-content\/uploads\/sites\/5\/2014\/02\/paralisacao-professores-curitiba-g-20120314.jpg', 'https:\/\/forumverdade.ufpr.br\/caminhosdaresistencia\/wp-content\/uploads\/sites\/5\/2014\/02\/tn_600_430_protesto090654.jpg']; var titles=['', '', '', '', '', '', '', '', '', '', '', '', '', '']; var descriptions=['', '', '', '', '', '', '', '', '', '', '', '', '', '']; jQuery.prettyPhoto.open(images,titles,descriptions);\" title=\"Pr\u00e9dio Hist\u00f3rico da UFPR\" style=\"cursor: pointer;\"><img decoding=\"async\" class=\"dShadow trans\" src=\"https:\/\/forumverdade.ufpr.br\/caminhosdaresistencia\/wp-content\/uploads\/sites\/5\/2014\/02\/tn_620_600_pec37_88-150x150.jpg\"   border=\"0\" alt=\"Pr\u00e9dio Hist\u00f3rico da UFPR\" \/><span class=\"wpeg-gallery-name center\">Pr\u00e9dio Hist\u00f3rico da UFPR<\/span><\/a><\/span><\/p>\n<p style=\"text-align: center;\">\n<p style=\"text-align: center;\">\n<p style=\"text-align: center;\"><em>Clique na imagem acima para a galeria de fotos.<\/em><\/p>\n<p>&nbsp;<br \/>\n&nbsp;<br \/>\n&nbsp;<br \/>\n&nbsp;<br \/>\n&nbsp;<br \/>\n&nbsp;<\/p>\n<p>&nbsp;<br \/>\n&nbsp;<\/p>\n<hr \/>\n<p>&nbsp;<br \/>\n&nbsp;<br \/>\n&nbsp;<\/p>\n<p style=\"text-align: center;\"><\/p>\n","protected":false},"excerpt":{"rendered":"<p>Localiza\u00e7\u00e3o: Pra\u00e7a Santos Andrade &#8211; Centro &nbsp; Na pra\u00e7a fica o pr\u00e9dio hist\u00f3rico da UFPR, onde funciona o curso de Ci\u00eancias Jur\u00eddicas. Sua localiza\u00e7\u00e3o privilegiada, o grande espa\u00e7o e as escadarias da UFPR fizeram com que a pra\u00e7a se tornasse o ponto de partida de memor\u00e1veis manifesta\u00e7\u00f5es e passeatas, principalmente a partir de 1975, quando &hellip; <\/p>\n<p><a class=\"more-link btn\" href=\"https:\/\/forumverdade.ufpr.br\/caminhosdaresistencia\/a-resistencia\/predio-historico-da-ufpr-praca-santos-andrade\/\">Continue lendo<\/a><\/p>\n","protected":false},"author":1,"featured_media":0,"parent":13,"menu_order":0,"comment_status":"open","ping_status":"closed","template":"","meta":{"_acf_changed":false,"footnotes":""},"class_list":["post-21","page","type-page","status-publish","hentry","nodate","item-wrap"],"acf":[],"_links":{"self":[{"href":"https:\/\/forumverdade.ufpr.br\/caminhosdaresistencia\/wp-json\/wp\/v2\/pages\/21","targetHints":{"allow":["GET"]}}],"collection":[{"href":"https:\/\/forumverdade.ufpr.br\/caminhosdaresistencia\/wp-json\/wp\/v2\/pages"}],"about":[{"href":"https:\/\/forumverdade.ufpr.br\/caminhosdaresistencia\/wp-json\/wp\/v2\/types\/page"}],"author":[{"embeddable":true,"href":"https:\/\/forumverdade.ufpr.br\/caminhosdaresistencia\/wp-json\/wp\/v2\/users\/1"}],"replies":[{"embeddable":true,"href":"https:\/\/forumverdade.ufpr.br\/caminhosdaresistencia\/wp-json\/wp\/v2\/comments?post=21"}],"version-history":[{"count":18,"href":"https:\/\/forumverdade.ufpr.br\/caminhosdaresistencia\/wp-json\/wp\/v2\/pages\/21\/revisions"}],"predecessor-version":[{"id":676,"href":"https:\/\/forumverdade.ufpr.br\/caminhosdaresistencia\/wp-json\/wp\/v2\/pages\/21\/revisions\/676"}],"up":[{"embeddable":true,"href":"https:\/\/forumverdade.ufpr.br\/caminhosdaresistencia\/wp-json\/wp\/v2\/pages\/13"}],"wp:attachment":[{"href":"https:\/\/forumverdade.ufpr.br\/caminhosdaresistencia\/wp-json\/wp\/v2\/media?parent=21"}],"curies":[{"name":"wp","href":"https:\/\/api.w.org\/{rel}","templated":true}]}}