{"id":151,"date":"2014-02-20T23:03:02","date_gmt":"2014-02-20T23:03:02","guid":{"rendered":"https:\/\/forumverdade.ufpr.br\/caminhosdaresistencia\/?page_id=151"},"modified":"2016-03-07T19:09:03","modified_gmt":"2016-03-07T19:09:03","slug":"sobre","status":"publish","type":"page","link":"https:\/\/forumverdade.ufpr.br\/caminhosdaresistencia\/sobre\/","title":{"rendered":"Sobre"},"content":{"rendered":"<p>O Museu de Percurso &#8220;Caminhos da Resist\u00eancia&#8221; \u00e9 resultado de um esfor\u00e7o coletivo de v\u00e1rias pessoas e institui\u00e7\u00f5es. Registramos a seguir as equipes que trabalharam na primeira vers\u00e3o deste projeto e na vers\u00e3o atual, que certamente \u00e9 apenas o inicio de um longo caminhar no percurso da mem\u00f3ria, da repress\u00e3o e da luta por liberdade e democracia.<\/p>\n<p>&nbsp;<\/p>\n<p><strong>Textos:<\/strong><\/p>\n<p>Laura Sica e Roberto Elias Salom\u00e3o<\/p>\n<p>&nbsp;<\/p>\n<p><strong><em id=\"__mceDel\">Apoio e pesquisa:<\/em><\/strong><\/p>\n<p><em id=\"__mceDel\"><\/em><em id=\"__mceDel\"> Alexandre Boing<br \/>\nAlu\u00edzio Palmar<br \/>\nCec\u00edlia Gar\u00e7oni<br \/>\nEdmilson Leite<br \/>\nJuliana Carlos<br \/>\nMilton Alves<br \/>\nNarciso Pires<br \/>\nNorton Nohama<br \/>\nTeresa Urban<\/em><\/p>\n<p>&nbsp;<\/p>\n<p><em id=\"__mceDel\"><strong>Projeto Gr\u00e1fico do cat\u00e1logo impresso, 1\u00aa e 2\u00aa vers\u00f5es:<\/strong><br \/>\nJuliana Montiel<\/em><\/p>\n<p>&nbsp;<\/p>\n<p><em id=\"__mceDel\"><strong>Impress\u00e3o:<\/strong><br \/>\nImprensa da UFPR<\/em><\/p>\n<p>&nbsp;<\/p>\n<p><strong>Webdesigner e suporte:<\/strong><br \/>\nNorton Nohama<\/p>\n<p>&nbsp;<\/p>\n<p><strong>Projeto, execu\u00e7\u00e3o e instala\u00e7\u00e3o dos totens:<\/strong><br \/>\nIPPUC &#8211; Instituto de Planejamento Urbano de Curitiba<\/p>\n<p>&nbsp;<\/p>\n<p><strong>Realiza\u00e7\u00e3o:<\/strong><br \/>\nF\u00f3rum Paranaense de Resgate da Verdade, Mem\u00f3ria e Justi\u00e7a<br \/>\nIPPUC &#8211; Instituto de Planejamento Urbano de Curitiba<br \/>\nMinist\u00e9rio da Justi\u00e7a &#8211; Comiss\u00e3o de Anistia<br \/>\nPrefeitura Municipal de Curitiba<br \/>\nUniversidade Federal do Paran\u00e1<\/p>\n","protected":false},"excerpt":{"rendered":"<p>O Museu de Percurso &#8220;Caminhos da Resist\u00eancia&#8221; \u00e9 resultado de um esfor\u00e7o coletivo de v\u00e1rias pessoas e institui\u00e7\u00f5es. Registramos a seguir as equipes que trabalharam na primeira vers\u00e3o deste projeto e na vers\u00e3o atual, que certamente \u00e9 apenas o inicio de um longo caminhar no percurso da mem\u00f3ria, da repress\u00e3o e da luta por liberdade &hellip; <\/p>\n<p><a class=\"more-link btn\" href=\"https:\/\/forumverdade.ufpr.br\/caminhosdaresistencia\/sobre\/\">Continue lendo<\/a><\/p>\n","protected":false},"author":1,"featured_media":0,"parent":0,"menu_order":0,"comment_status":"open","ping_status":"open","template":"","meta":{"_acf_changed":false,"footnotes":""},"class_list":["post-151","page","type-page","status-publish","hentry","nodate","item-wrap"],"acf":[],"_links":{"self":[{"href":"https:\/\/forumverdade.ufpr.br\/caminhosdaresistencia\/wp-json\/wp\/v2\/pages\/151","targetHints":{"allow":["GET"]}}],"collection":[{"href":"https:\/\/forumverdade.ufpr.br\/caminhosdaresistencia\/wp-json\/wp\/v2\/pages"}],"about":[{"href":"https:\/\/forumverdade.ufpr.br\/caminhosdaresistencia\/wp-json\/wp\/v2\/types\/page"}],"author":[{"embeddable":true,"href":"https:\/\/forumverdade.ufpr.br\/caminhosdaresistencia\/wp-json\/wp\/v2\/users\/1"}],"replies":[{"embeddable":true,"href":"https:\/\/forumverdade.ufpr.br\/caminhosdaresistencia\/wp-json\/wp\/v2\/comments?post=151"}],"version-history":[{"count":7,"href":"https:\/\/forumverdade.ufpr.br\/caminhosdaresistencia\/wp-json\/wp\/v2\/pages\/151\/revisions"}],"predecessor-version":[{"id":663,"href":"https:\/\/forumverdade.ufpr.br\/caminhosdaresistencia\/wp-json\/wp\/v2\/pages\/151\/revisions\/663"}],"wp:attachment":[{"href":"https:\/\/forumverdade.ufpr.br\/caminhosdaresistencia\/wp-json\/wp\/v2\/media?parent=151"}],"curies":[{"name":"wp","href":"https:\/\/api.w.org\/{rel}","templated":true}]}}